{"id":1554,"date":"2026-02-17T09:29:55","date_gmt":"2026-02-17T09:29:55","guid":{"rendered":"https:\/\/morospincasino.com\/metodos-de-pago\/"},"modified":"2026-02-17T12:42:04","modified_gmt":"2026-02-17T12:42:04","slug":"opcoes-de-pagamento","status":"publish","type":"page","link":"https:\/\/morospincasino.com\/pt-pt\/opcoes-de-pagamento\/","title":{"rendered":"Op\u00e7\u00f5es de pagamento"},"content":{"rendered":"<h1>Op\u00e7\u00f5es de pagamento do Casino Morospin<\/h1>\n<p>Os Morospin m\u00e9todos de pagamento oferecem transfer\u00eancias banc\u00e1rias seguras e f\u00e1ceis para gerir o seu dinheiro na plataforma. Pode usar cart\u00f5es Visa e Mastercard, Apple Pay, Google Pay ou at\u00e9 mesmo criptomoedas como Bitcoin e Ethereum para depositar ou levantar fundos com toda a confian\u00e7a.<\/p>\n<p>Com o nosso sistema de seguran\u00e7a SSL e limites que se adaptam a si, a Morospin garante que tudo seja seguro e r\u00e1pido. Os nossos levantamentos demoram de um a dois dias, para que possa desfrutar do jogo sem complica\u00e7\u00f5es.<\/p>\n<p><div class=\"banner-wrap\" aria-label=\"Banner\"><img src=\"https:\/\/morospincasino.com\/wp-content\/uploads\/2026\/02\/Morospin-general-background-800\u0445342.webp\" class=\"w-100 d-none d-lg-block img-pc main-banner-img\" alt=\"Morospin banner desktop\" fetchpriority=\"high\" decoding=\"async\"><img src=\"https:\/\/morospincasino.com\/wp-content\/uploads\/2026\/02\/Morospin-banner-mobile.webp\" class=\"w-100 d-none d-md-block d-lg-none main-banner-img\" alt=\"Morospin banner mobile\" fetchpriority=\"high\" decoding=\"async\"><img src=\"https:\/\/morospincasino.com\/wp-content\/uploads\/2026\/02\/Morospin-banner-mobile.webp\" class=\"w-100 d-md-none\" alt=\"Morospin banner mobile\" fetchpriority=\"high\" decoding=\"async\"><div class=\"banner-description\">\n<div class=\"banner-title\">B\u00f3nus De Boas-Vindas<\/div>\n<p class=\"banner-header-title\">\u20ac1,500<\/p>\n<div class=\"banner-header-AdditionalText\">+ 250 Rodadas Gr\u00e1tis<\/div>\n<button data-item=\"homepage_banner_link\" class=\"goto m-button m-gradient-border m-button--primary m-button--large banner-button btn-orange\">\n            <div class=\"m-button-content\">\n                <span>Inscreva-Se Agora<\/span>\n                <span><\/span>\n            <\/div>\n        <\/button>\n<\/div>\n<div class=\"WelcomePack\">\n<p><img loading=\"lazy\" decoding=\"async\" class=\"alignnone size-full wp-image-1339\" src=\"https:\/\/morospincasino.com\/wp-content\/uploads\/2026\/02\/welcome-crown.png\" alt=\"welcome crown\" width=\"25\" height=\"26\" \/><\/p>\n<div class=\"WelcomePack-Info\">Reembolso semanal at\u00e9 25%<\/div>\n<p><img loading=\"lazy\" decoding=\"async\" class=\"alignnone size-full wp-image-1339\" src=\"https:\/\/morospincasino.com\/wp-content\/uploads\/2026\/02\/welcome-crown.png\" alt=\"welcome crown\" width=\"25\" height=\"26\" \/><\/p>\n<\/div>\n<\/div><div class=\"scrollable-content-wrap \"><div class=\"scrollable-content-inner\"><h2>Como depositar fundos?<\/h2>\n<p>Morospin oferece um modo do jogo livre para que possa testar os jogos ou praticar sem arriscar o seu dinheiro, desde que tenha uma conta verificada. Mas quando estiver pronto para jogar a s\u00e9rio, pode depositar fundos na sua conta seguindo os estes:<\/p>\n<ol>\n<li>Clique em \u00abIniciar Sess\u00e3o\u00bb ou \u00abInscrever-se\u00bb, no canto superior direito. Se voc\u00ea n\u00e3o tiver, criar uma conta \u00e9 f\u00e1cil, uma vez que s\u00f3 precisa de inserir o seu nome e correio eletr\u00f3nico com palavra-chave.<\/li>\n<li>Navegue a op\u00e7\u00e3o \u00abDepositar\u00bb no canto superior direito. Surge como uma bolha amarela brilhante; por isso, \u00e9 imposs\u00edvel n\u00e3o ver. Clique nesta e uma nova janela ir\u00e1 surgir.<\/li>\n<li>Selecione o seu m\u00e9todo de pagamento. Nessa mesma janela, encontrar\u00e1 todos os m\u00e9todos de dep\u00f3sito de Moro Spin. Estes m\u00e9todos ir\u00e3o variar dependendo do local em que se encontra.<\/li>\n<li>Insira o montante de dep\u00f3sito. Assim que optar por um m\u00e9todo de dep\u00f3sito de Moro Spin, introduza o montante que deseja depositar. O dep\u00f3sito m\u00ednimo \u00e9 habitualmente de 20 \u20ac e o m\u00e1ximo de 5.000 \u20ac por transa\u00e7\u00e3o.<\/li>\n<li>Fa\u00e7a a verifica\u00e7\u00e3o e comece a jogar.<\/li>\n<\/ol>\n<p>Ap\u00f3s ter introduzido e verificado todas as informa\u00e7\u00f5es necess\u00e1rias, poder\u00e1 confirmar o pagamento. Os seus fundos devem surgir na sua conta instantaneamente, a menos que tenha optado por uma transfer\u00eancia banc\u00e1ria, que poder\u00e1 demorar entre 1 e 3 dias \u00fateis a ser conclu\u00edda.<\/p>\n<h2>Escolha um m\u00e9todo de dep\u00f3sito adequado<\/h2>\n<p>Est\u00e3o dispon\u00edveis v\u00e1rios m\u00e9todos de dep\u00f3sito em Morospin, incluindo cart\u00f5es de d\u00e9bito, carteiras virtuais e criptomoedas. At\u00e9 as transfer\u00eancias banc\u00e1rias s\u00e3o uma op\u00e7\u00e3o, mas s\u00e3o menos comuns, pois os tempos de processamento do pagamento s\u00e3o mais longos do que outros m\u00e9todos. No entanto, os m\u00e9todos de pagamento banc\u00e1rio dispon\u00edveis podem variar consoante o local onde se encontra.<\/p>\n<p>&nbsp;<\/p>\n<table>\n<tbody>\n<tr>\n<td>M\u00e9todos de Dep\u00f3sito<\/td>\n<td>Op\u00e7\u00f5es<\/td>\n<\/tr>\n<tr>\n<td>Cart\u00f5es banc\u00e1rios<\/td>\n<td>MasterCard, Visa<\/td>\n<\/tr>\n<tr>\n<td>E-wallets<\/td>\n<td>Apple Pay, Samsung Pay, PayPal, MiFinity, Neteller, Skrill<\/td>\n<\/tr>\n<tr>\n<td>Moedas digitais<\/td>\n<td>Bitcoin, Ethereum, Tether USD, eZeeWallet, Jeton, TRON<\/td>\n<\/tr>\n<tr>\n<td>Remessas banc\u00e1rias<\/td>\n<td>iDEAL, Sofort, Transfer\u00eancias banc\u00e1rias directas<\/td>\n<\/tr>\n<\/tbody>\n<\/table>\n<h2>Op\u00e7\u00f5es de pagamento e levantamento da Moro Spin<\/h2>\n<p>Ap\u00f3s ter jogado alguns jogos, \u00e9 poss\u00edvel ter acumulado alguns pr\u00e9mios. Se assim for, parab\u00e9ns! Poder\u00e1 manter os seus ganhos na sua conta ou utiliz\u00e1-los para continuar a jogar, ou ainda recorrer a um m\u00e9todo de levantamento de Moro Spin e come\u00e7ar a gast\u00e1-los.<\/p>\n<p>No entanto, o valor m\u00ednimo de levantamento \u00e9 normalmente de 50 \u20ac e o m\u00e1ximo \u00e9 de at\u00e9 5.000 \u20ac por transa\u00e7\u00e3o. Este valor pode depender do m\u00e9todo de levantamento que escolher.<\/p>\n<p>Aqui tem uma lista de todos os m\u00e9todos de pagamentos instantaneos de Morospin que pode escolher:<\/p>\n<table>\n<tbody>\n<tr>\n<td>Forma de pagamento<\/td>\n<td>Op\u00e7\u00f5es<\/td>\n<\/tr>\n<tr>\n<td>Cart\u00f5es de D\u00e9bito e Cr\u00e9dito<\/td>\n<td>MasterCard, Visa<\/td>\n<\/tr>\n<tr>\n<td>Carteiras Virtuais<\/td>\n<td>MiFinity, Neteller, Skrill<\/td>\n<\/tr>\n<tr>\n<td>Criptomoedas<\/td>\n<td>Bitcoin, Ethereum, Tether USD, eZeeWallet, Jeton, Tron<\/td>\n<\/tr>\n<tr>\n<td>Transfer\u00eancias Banc\u00e1rias<\/td>\n<td>iDEAL, Sofort, Transfer\u00eancias banc\u00e1rias diretas<\/td>\n<\/tr>\n<\/tbody>\n<\/table>\n<h2>Perguntas Frequentes<\/h2>\n<h3>Quais s\u00e3o os passos para fazer um dep\u00f3sito no Casino Morospin?<\/h3>\n<p>Quando estiver pronto para depositar fundos na sua conta do Casino Morospin, inicie sess\u00e3o e clique em \u00abDepositar\u00bb no canto superior direito. Depois, escolha a partir da lista de m\u00e9todos de dep\u00f3sito de Morospin e introduza o montante que pretende depositar. Assim que fornecer os detalhes de pagamento necess\u00e1rios, confirme a transa\u00e7\u00e3o e aguarde que os seus fundos sejam creditados na sua conta.<\/p>\n<h3>Quais s\u00e3o os montantes de dep\u00f3sito m\u00ednimo e m\u00e1ximo?<\/h3>\n<p>Os montantes de dep\u00f3sito m\u00ednimo e m\u00e1ximo variam consoante a sua localiza\u00e7\u00e3o, mas normalmente o m\u00ednimo \u00e9 de 20 \u20ac, enquanto o m\u00e1ximo \u00e9 de 5.000 \u20ac. Isto significa que, se estiver nos Estados Unidos, o montante m\u00ednimo de dep\u00f3sito ser\u00e1 de 10 d\u00f3lares e o m\u00e1ximo de 5.000 \u20ac. Certifique-se de que o m\u00e9todo de dep\u00f3sito escolhido n\u00e3o tem quaisquer limites de pagamento antes de concluir a transa\u00e7\u00e3o ou esta poder\u00e1 ser recusada.<\/p>\n<h3>Existe alguma taxa aplicada aos dep\u00f3sitos e levantamentos?<\/h3>\n<p>Morospin n\u00e3o cobra quaisquer taxas de dep\u00f3sito ou levantamento, mas o fornecedor de pagamentos que escolher pode impor as suas pr\u00f3prias taxas de transa\u00e7\u00e3o. Por isso, considere todas as op\u00e7\u00f5es do pagamento e os respetivos encargos antes de efetuar qualquer transa\u00e7\u00e3o.<\/p>\n<h3>Quanto tempo \u00e9 que os levantamentos demoram a ser processados?<\/h3>\n<p>O tempo de processamento dos levantamentos depende do m\u00e9todo de pagamento de Morospin que escolher. As carteiras virtuais e as criptomoedas oferecem normalmente um tempo de levantamento mais r\u00e1pido, variando entre o instant\u00e2neo e algumas horas, enquanto as transfer\u00eancias banc\u00e1rias e os levantamentos com o cart\u00e3o podem demorar entre 24 e 72 horas \u00fateis a serem conclu\u00eddos.<\/p>\n<h3>Como levanto os meus ganhos do Casino Moro Spin?<\/h3>\n<p>Quando estiver pronto para receber o seu pagamento de Moro Spin, inicie sess\u00e3o na sua conta e clique no bot\u00e3o \u00abDepositar\u00bb, no canto superior direito. Isto abrir\u00e1 uma nova janela onde pode depositar fundos e levantar pagamentos de Moro Spin. Clique em \u00abLevantamento\u00bb e escolha o seu m\u00e9todo de levantamento preferido.<\/p>\n<p>Se esta for a primeira vez que est\u00e1 a levantar dinheiro, poder\u00e1 ser necess\u00e1rio apresentar documenta\u00e7\u00e3o para verifica\u00e7\u00e3o, como um documento de identifica\u00e7\u00e3o emitido pelo governo, comprovativo de morada e comprovativo do m\u00e9todo de pagamento. Assim que fornecer estas informa\u00e7\u00f5es necess\u00e1rias, introduza o montante que pretende levantar, confirme a transa\u00e7\u00e3o e aguarde o seu processamento.<\/p>\n<h3>Posso cancelar um pedido de levantamento em Casino Morospin?<\/h3>\n<p>Sim, pode cancelar um pedido de levantamento no Casino Morospin, desde que este ainda n\u00e3o tenha sido processado. Para tal, v\u00e1 \u00e0 sec\u00e7\u00e3o \u00abLevantamento\u00bb da sua conta e procure o pedido do levantamento pendente. Se a op\u00e7\u00e3o de cancelamento estiver dispon\u00edvel, selecione-a e os fundos ser\u00e3o devolvidos ao seu saldo do casino instantaneamente.<\/p>\n<\/div><\/div><\/p>\n","protected":false},"excerpt":{"rendered":"<p>Op\u00e7\u00f5es de pagamento do Casino Morospin Os Morospin m\u00e9todos de pagamento oferecem transfer\u00eancias banc\u00e1rias seguras e f\u00e1ceis para gerir o seu dinheiro na plataforma. Pode usar cart\u00f5es Visa e Mastercard, Apple Pay, Google Pay ou at\u00e9 mesmo criptomoedas como Bitcoin e Ethereum para depositar ou levantar fundos com toda a confian\u00e7a. Com o nosso sistema [&hellip;]<\/p>\n","protected":false},"author":1,"featured_media":0,"parent":0,"menu_order":0,"comment_status":"closed","ping_status":"closed","template":"template-builder.php","meta":{"_acf_changed":false,"inline_featured_image":false,"footnotes":""},"class_list":["post-1554","page","type-page","status-publish","hentry"],"acf":[],"yoast_head":"<!-- This site is optimized with the Yoast SEO plugin v27.3 - https:\/\/yoast.com\/product\/yoast-seo-wordpress\/ -->\n<title>M\u00e9todos de pagamento da Morospin | Skrill, Visa, Mastercard, Criptomoedas<\/title>\n<meta name=\"description\" content=\"M\u00e9todos de pagamento seguros e r\u00e1pidos no Moro Spin, incluindo cart\u00f5es banc\u00e1rios, criptomoedas e carteiras digitais | Desfrute de dep\u00f3sitos e saques r\u00e1pidos hoje mesmo!\" \/>\n<meta name=\"robots\" content=\"index, follow, max-snippet:-1, max-image-preview:large, max-video-preview:-1\" \/>\n<link rel=\"canonical\" href=\"https:\/\/morospincasino.com\/pt-pt\/opcoes-de-pagamento\/\" \/>\n<meta property=\"og:locale\" content=\"pt_PT\" \/>\n<meta property=\"og:type\" content=\"article\" \/>\n<meta property=\"og:title\" content=\"M\u00e9todos de pagamento da Morospin | Skrill, Visa, Mastercard, Criptomoedas\" \/>\n<meta property=\"og:description\" content=\"M\u00e9todos de pagamento seguros e r\u00e1pidos no Moro Spin, incluindo cart\u00f5es banc\u00e1rios, criptomoedas e carteiras digitais | Desfrute de dep\u00f3sitos e saques r\u00e1pidos hoje mesmo!\" \/>\n<meta property=\"og:url\" content=\"https:\/\/morospincasino.com\/pt-pt\/opcoes-de-pagamento\/\" \/>\n<meta property=\"og:site_name\" content=\"morospin\" \/>\n<meta property=\"article:modified_time\" content=\"2026-02-17T12:42:04+00:00\" \/>\n<meta name=\"twitter:card\" content=\"summary_large_image\" \/>\n<meta name=\"twitter:label1\" content=\"Est. reading time\" \/>\n\t<meta name=\"twitter:data1\" content=\"1 minute\" \/>\n<script type=\"application\/ld+json\" class=\"yoast-schema-graph\">{\"@context\":\"https:\\\/\\\/schema.org\",\"@graph\":[{\"@type\":\"WebPage\",\"@id\":\"https:\\\/\\\/morospincasino.com\\\/pt-pt\\\/opcoes-de-pagamento\\\/\",\"url\":\"https:\\\/\\\/morospincasino.com\\\/pt-pt\\\/opcoes-de-pagamento\\\/\",\"name\":\"M\u00e9todos de pagamento da Morospin | Skrill, Visa, Mastercard, Criptomoedas\",\"isPartOf\":{\"@id\":\"https:\\\/\\\/morospincasino.com\\\/pt-pt\\\/#website\"},\"datePublished\":\"2026-02-17T09:29:55+00:00\",\"dateModified\":\"2026-02-17T12:42:04+00:00\",\"description\":\"M\u00e9todos de pagamento seguros e r\u00e1pidos no Moro Spin, incluindo cart\u00f5es banc\u00e1rios, criptomoedas e carteiras digitais | Desfrute de dep\u00f3sitos e saques r\u00e1pidos hoje mesmo!\",\"breadcrumb\":{\"@id\":\"https:\\\/\\\/morospincasino.com\\\/pt-pt\\\/opcoes-de-pagamento\\\/#breadcrumb\"},\"inLanguage\":\"pt-PT\",\"potentialAction\":[{\"@type\":\"ReadAction\",\"target\":[\"https:\\\/\\\/morospincasino.com\\\/pt-pt\\\/opcoes-de-pagamento\\\/\"]}]},{\"@type\":\"BreadcrumbList\",\"@id\":\"https:\\\/\\\/morospincasino.com\\\/pt-pt\\\/opcoes-de-pagamento\\\/#breadcrumb\",\"itemListElement\":[{\"@type\":\"ListItem\",\"position\":1,\"name\":\"Morospin\",\"item\":\"https:\\\/\\\/morospincasino.com\\\/pt-pt\\\/\"},{\"@type\":\"ListItem\",\"position\":2,\"name\":\"Op\u00e7\u00f5es de pagamento\"}]},{\"@type\":\"WebSite\",\"@id\":\"https:\\\/\\\/morospincasino.com\\\/pt-pt\\\/#website\",\"url\":\"https:\\\/\\\/morospincasino.com\\\/pt-pt\\\/\",\"name\":\"Morospin\",\"description\":\"\",\"publisher\":{\"@id\":\"https:\\\/\\\/morospincasino.com\\\/pt-pt\\\/#organization\"},\"potentialAction\":[{\"@type\":\"SearchAction\",\"target\":{\"@type\":\"EntryPoint\",\"urlTemplate\":\"https:\\\/\\\/morospincasino.com\\\/pt-pt\\\/?s={search_term_string}\"},\"query-input\":{\"@type\":\"PropertyValueSpecification\",\"valueRequired\":true,\"valueName\":\"search_term_string\"}}],\"inLanguage\":\"pt-PT\"},{\"@type\":\"Organization\",\"@id\":\"https:\\\/\\\/morospincasino.com\\\/pt-pt\\\/#organization\",\"name\":\"Morospin\",\"url\":\"https:\\\/\\\/morospincasino.com\\\/pt-pt\\\/\",\"logo\":{\"@type\":\"ImageObject\",\"inLanguage\":\"pt-PT\",\"@id\":\"https:\\\/\\\/morospincasino.com\\\/pt-pt\\\/#\\\/schema\\\/logo\\\/image\\\/\",\"url\":\"https:\\\/\\\/morospincasino.com\\\/wp-content\\\/uploads\\\/2026\\\/02\\\/logo-main.png\",\"contentUrl\":\"https:\\\/\\\/morospincasino.com\\\/wp-content\\\/uploads\\\/2026\\\/02\\\/logo-main.png\",\"width\":130,\"height\":66,\"caption\":\"Morospin\"},\"image\":{\"@id\":\"https:\\\/\\\/morospincasino.com\\\/pt-pt\\\/#\\\/schema\\\/logo\\\/image\\\/\"}}]}<\/script>\n<!-- \/ Yoast SEO plugin. -->","yoast_head_json":{"title":"M\u00e9todos de pagamento da Morospin | Skrill, Visa, Mastercard, Criptomoedas","description":"M\u00e9todos de pagamento seguros e r\u00e1pidos no Moro Spin, incluindo cart\u00f5es banc\u00e1rios, criptomoedas e carteiras digitais | Desfrute de dep\u00f3sitos e saques r\u00e1pidos hoje mesmo!","robots":{"index":"index","follow":"follow","max-snippet":"max-snippet:-1","max-image-preview":"max-image-preview:large","max-video-preview":"max-video-preview:-1"},"canonical":"https:\/\/morospincasino.com\/pt-pt\/opcoes-de-pagamento\/","og_locale":"pt_PT","og_type":"article","og_title":"M\u00e9todos de pagamento da Morospin | Skrill, Visa, Mastercard, Criptomoedas","og_description":"M\u00e9todos de pagamento seguros e r\u00e1pidos no Moro Spin, incluindo cart\u00f5es banc\u00e1rios, criptomoedas e carteiras digitais | Desfrute de dep\u00f3sitos e saques r\u00e1pidos hoje mesmo!","og_url":"https:\/\/morospincasino.com\/pt-pt\/opcoes-de-pagamento\/","og_site_name":"morospin","article_modified_time":"2026-02-17T12:42:04+00:00","twitter_card":"summary_large_image","twitter_misc":{"Est. reading time":"1 minute"},"schema":{"@context":"https:\/\/schema.org","@graph":[{"@type":"WebPage","@id":"https:\/\/morospincasino.com\/pt-pt\/opcoes-de-pagamento\/","url":"https:\/\/morospincasino.com\/pt-pt\/opcoes-de-pagamento\/","name":"M\u00e9todos de pagamento da Morospin | Skrill, Visa, Mastercard, Criptomoedas","isPartOf":{"@id":"https:\/\/morospincasino.com\/pt-pt\/#website"},"datePublished":"2026-02-17T09:29:55+00:00","dateModified":"2026-02-17T12:42:04+00:00","description":"M\u00e9todos de pagamento seguros e r\u00e1pidos no Moro Spin, incluindo cart\u00f5es banc\u00e1rios, criptomoedas e carteiras digitais | Desfrute de dep\u00f3sitos e saques r\u00e1pidos hoje mesmo!","breadcrumb":{"@id":"https:\/\/morospincasino.com\/pt-pt\/opcoes-de-pagamento\/#breadcrumb"},"inLanguage":"pt-PT","potentialAction":[{"@type":"ReadAction","target":["https:\/\/morospincasino.com\/pt-pt\/opcoes-de-pagamento\/"]}]},{"@type":"BreadcrumbList","@id":"https:\/\/morospincasino.com\/pt-pt\/opcoes-de-pagamento\/#breadcrumb","itemListElement":[{"@type":"ListItem","position":1,"name":"Morospin","item":"https:\/\/morospincasino.com\/pt-pt\/"},{"@type":"ListItem","position":2,"name":"Op\u00e7\u00f5es de pagamento"}]},{"@type":"WebSite","@id":"https:\/\/morospincasino.com\/pt-pt\/#website","url":"https:\/\/morospincasino.com\/pt-pt\/","name":"Morospin","description":"","publisher":{"@id":"https:\/\/morospincasino.com\/pt-pt\/#organization"},"potentialAction":[{"@type":"SearchAction","target":{"@type":"EntryPoint","urlTemplate":"https:\/\/morospincasino.com\/pt-pt\/?s={search_term_string}"},"query-input":{"@type":"PropertyValueSpecification","valueRequired":true,"valueName":"search_term_string"}}],"inLanguage":"pt-PT"},{"@type":"Organization","@id":"https:\/\/morospincasino.com\/pt-pt\/#organization","name":"Morospin","url":"https:\/\/morospincasino.com\/pt-pt\/","logo":{"@type":"ImageObject","inLanguage":"pt-PT","@id":"https:\/\/morospincasino.com\/pt-pt\/#\/schema\/logo\/image\/","url":"https:\/\/morospincasino.com\/wp-content\/uploads\/2026\/02\/logo-main.png","contentUrl":"https:\/\/morospincasino.com\/wp-content\/uploads\/2026\/02\/logo-main.png","width":130,"height":66,"caption":"Morospin"},"image":{"@id":"https:\/\/morospincasino.com\/pt-pt\/#\/schema\/logo\/image\/"}}]}},"_links":{"self":[{"href":"https:\/\/morospincasino.com\/pt-pt\/wp-json\/wp\/v2\/pages\/1554","targetHints":{"allow":["GET"]}}],"collection":[{"href":"https:\/\/morospincasino.com\/pt-pt\/wp-json\/wp\/v2\/pages"}],"about":[{"href":"https:\/\/morospincasino.com\/pt-pt\/wp-json\/wp\/v2\/types\/page"}],"author":[{"embeddable":true,"href":"https:\/\/morospincasino.com\/pt-pt\/wp-json\/wp\/v2\/users\/1"}],"replies":[{"embeddable":true,"href":"https:\/\/morospincasino.com\/pt-pt\/wp-json\/wp\/v2\/comments?post=1554"}],"version-history":[{"count":2,"href":"https:\/\/morospincasino.com\/pt-pt\/wp-json\/wp\/v2\/pages\/1554\/revisions"}],"predecessor-version":[{"id":1848,"href":"https:\/\/morospincasino.com\/pt-pt\/wp-json\/wp\/v2\/pages\/1554\/revisions\/1848"}],"wp:attachment":[{"href":"https:\/\/morospincasino.com\/pt-pt\/wp-json\/wp\/v2\/media?parent=1554"}],"curies":[{"name":"wp","href":"https:\/\/api.w.org\/{rel}","templated":true}]}}