{"id":1553,"date":"2026-02-17T09:29:55","date_gmt":"2026-02-17T09:29:55","guid":{"rendered":"https:\/\/morospincasino.com\/metodos-de-pago\/"},"modified":"2026-02-17T12:21:47","modified_gmt":"2026-02-17T12:21:47","slug":"metody-platnosci","status":"publish","type":"page","link":"https:\/\/morospincasino.com\/pl\/metody-platnosci\/","title":{"rendered":"Metody p\u0142atno\u015bci"},"content":{"rendered":"<h1>Metody p\u0142atno\u015bci Morospin<\/h1>\n<p>Metody p\u0142atno\u015bci Morospin oferuj\u0105 bezpieczne i \u0142atwe w obs\u0142udze przelewy bankowe, kt\u00f3re pozwalaj\u0105 zarz\u0105dza\u0107 pieni\u0119dzmi na platformie. Gracze z Polski mog\u0105 korzysta\u0107 z kart Visa i Mastercard, Apple Pay, Google Pay, a nawet kryptowalut, takich jak Bitcoin i Ethereum, aby bez obaw wp\u0142aca\u0107 i wyp\u0142aca\u0107 \u015brodki.<\/p>\n<p>Dzi\u0119ki systemowi bezpiecze\u0144stwa SSL i limitom dostosowanym do Twoich potrzeb, Morospin zapewnia bezpiecze\u0144stwo i szybko\u015b\u0107 transakcji. Wyp\u0142aty trwaj\u0105 od jednego do dw\u00f3ch dni, wi\u0119c mo\u017cesz cieszy\u0107 si\u0119 gr\u0105 bez \u017cadnych komplikacji.<\/p>\n<p><div class=\"banner-wrap\" aria-label=\"Banner\"><img src=\"https:\/\/morospincasino.com\/wp-content\/uploads\/2026\/02\/Morospin-general-background-800\u0445342.webp\" class=\"w-100 d-none d-lg-block img-pc main-banner-img\" alt=\"Morospin banner desktop\" fetchpriority=\"high\" decoding=\"async\"><img src=\"https:\/\/morospincasino.com\/wp-content\/uploads\/2026\/02\/Morospin-banner-mobile.webp\" class=\"w-100 d-none d-md-block d-lg-none main-banner-img\" alt=\"Morospin banner mobile\" fetchpriority=\"high\" decoding=\"async\"><img src=\"https:\/\/morospincasino.com\/wp-content\/uploads\/2026\/02\/Morospin-banner-mobile.webp\" class=\"w-100 d-md-none\" alt=\"Morospin banner mobile\" fetchpriority=\"high\" decoding=\"async\"><div class=\"banner-description\">\n<div class=\"banner-title\">Bonusy powitalne<\/div>\n<p class=\"banner-header-title\">\u20ac1,500<\/p>\n<div class=\"banner-header-AdditionalText\">+ 250 Darmowe spiny<\/div>\n<button data-item=\"homepage_banner_link\" class=\"goto m-button m-gradient-border m-button--primary m-button--large banner-button btn-orange\">\n            <div class=\"m-button-content\">\n                <span>Zarejestruj si\u0119 teraz<\/span>\n                <span><\/span>\n            <\/div>\n        <\/button>\n<\/div>\n<div class=\"WelcomePack\">\n<p><img loading=\"lazy\" decoding=\"async\" class=\"alignnone size-full wp-image-1339\" src=\"https:\/\/morospincasino.com\/wp-content\/uploads\/2026\/02\/welcome-crown.png\" alt=\"welcome crown\" width=\"25\" height=\"26\" \/><\/p>\n<div class=\"WelcomePack-Info\">Cotygodniowy zwrot got\u00f3wki do 25%<\/div>\n<p><img loading=\"lazy\" decoding=\"async\" class=\"alignnone size-full wp-image-1339\" src=\"https:\/\/morospincasino.com\/wp-content\/uploads\/2026\/02\/welcome-crown.png\" alt=\"welcome crown\" width=\"25\" height=\"26\" \/><\/p>\n<\/div>\n<\/div><div class=\"scrollable-content-wrap \"><div class=\"scrollable-content-inner\"><h2>Jak dokonywa\u0107 wp\u0142at w Moro Spin<\/h2>\n<p>Gotowi do wp\u0142aty w Moro Spin? Najpierw nale\u017cy si\u0119 zarejestrowa\u0107, co jest \u0142atwe i bezpieczne.<\/p>\n<ol>\n<li>Zarejestruj si\u0119 teraz:<\/li>\n<\/ol>\n<ul>\n<li>Wype\u0142nij formularz, podaj\u0105c swoje szczeg\u00f3\u0142owe dane.<\/li>\n<li>Sprawd\u017a swoj\u0105 skrzynk\u0119 pocztow\u0105 i zweryfikuj swoje konto.<\/li>\n<li>Potwierd\u017a swoj\u0105 to\u017csamo\u015b\u0107 (aby m\u00f3c p\u00f3\u017aniej dokona\u0107 wyp\u0142aty).<\/li>\n<\/ul>\n<ol>\n<li>Zaloguj si\u0119 na swoje konto.<\/li>\n<li>Kliknij \u201eWp\u0142a\u0107\u201d.<\/li>\n<li>Wybierz spos\u00f3b p\u0142atno\u015bci:<\/li>\n<\/ol>\n<ul>\n<li>Karty wsp\u00f3lne (wszystko jest dost\u0119pne).<\/li>\n<li>Apple Pay\/Google Pay (bardzo szybko z telefonu kom\u00f3rkowego).<\/li>\n<li>Kryptowaluty (Bitcoin, Ethereum i wszystkie inne dzia\u0142aj\u0105 bardzo dobrze).<\/li>\n<\/ul>\n<ol>\n<li>Wpisz kwot\u0119, kt\u00f3r\u0105 chcesz wp\u0142aci\u0107 (minimum 20 \u20ac).<\/li>\n<li>Potwierd\u017a i gotowe.<\/li>\n<\/ol>\n<p>Dzi\u0119ki Moro Spin Twoja wp\u0142ata jest dost\u0119pna natychmiast, transakcje s\u0105 bezpieczne i nie ma \u017cadnych dziwnych op\u0142at. Ka\u017cdy znajdzie co\u015b dla siebie. Po prostu spr\u00f3buj.<\/p>\n<p>Wskaz\u00f3wka: u\u017cywaj tej samej metody do wp\u0142acania i wyp\u0142acania pieni\u0119dzy. Pami\u0119taj te\u017c, aby zweryfikowa\u0107 swoje konto przed dokonaniem pierwszej wp\u0142aty.<\/p>\n<p>I wreszcie, co nie mniej wa\u017cne, nale\u017cy zapozna\u0107 si\u0119 z warunkami ka\u017cdego bonu. Dzi\u0119ki temu b\u0119dziesz mie\u0107 pewno\u015b\u0107, \u017ce znasz wszystkie szczeg\u00f3\u0142y dotycz\u0105ce korzystania z danego bonu.<\/p>\n<p>Ca\u0142y proces zajmuje mniej ni\u017c 2 minuty, a saldo jest aktualizowane natychmiast.<\/p>\n<p>Nale\u017cy podkre\u015bli\u0107, \u017ce ka\u017cda metoda wp\u0142aty jest inna, a czas przetwarzania transakcji zazwyczaj r\u00f3\u017cni si\u0119 w zale\u017cno\u015bci od wybranej metody. Morospin nie pobiera \u017cadnych op\u0142at, ale bank, z kt\u00f3rego us\u0142ug korzystasz, mo\u017ce je naliczy\u0107. Moro Spin \u2013 p\u0142atno\u015bci bez problem\u00f3w.<\/p>\n<p>Ciesz si\u0119 spokojem korzystania z metod p\u0142atno\u015bci o mi\u0119dzynarodowym wsparciu i najwy\u017cszym poziomie bezpiecze\u0144stwa. Twoje transakcje zawsze b\u0119d\u0105 bezpieczne.<\/p>\n<h2>P\u0142atno\u015bci i metody wp\u0142at w Moro Spin<\/h2>\n<p>W Morospin kasyno online oferuje wiele alternatywnych sposob\u00f3w szybkiego i bezpiecznego do\u0142adowania salda:<\/p>\n<p>Karty Visa i Mastercard to dwie najcz\u0119\u015bciej u\u017cywane karty na \u015bwiecie. Firmy te wyr\u00f3\u017cniaj\u0105 si\u0119 rozpoznawalno\u015bci\u0105 i bezpiecze\u0144stwem. Je\u015bli chcesz z nich korzysta\u0107, mo\u017cesz to zrobi\u0107 bez \u017cadnych problem\u00f3w. Do\u0142aduj konto kwot\u0105 co najmniej 20 \u20ac i ciesz si\u0119 natychmiastow\u0105 realizacj\u0105 transakcji.<\/p>\n<p>Portfele cyfrowe s\u0105 u\u017cywane ze wzgl\u0119du na wygod\u0119 i \u0142atwo\u015b\u0107 p\u0142atno\u015bci. Mo\u017cesz dokonywa\u0107 p\u0142atno\u015bci za pomoc\u0105 odcisku palca lub twarzy, korzystaj\u0105c z funkcji Face ID. Kasyno oferuje p\u0142atno\u015bci za pomoc\u0105 Google Pay lub Apple Pay. S\u0105 to dwie doskona\u0142e opcje, poniewa\u017c nie wymagaj\u0105 podawania danych karty kredytowej.<\/p>\n<p>W ostatnim czasie kryptowaluty zyska\u0142y du\u017c\u0105 popularno\u015b\u0107. Moro Spin wzi\u0105\u0142 to pod uwag\u0119 i wprowadzi\u0142 p\u0142atno\u015bci kryptowalutowe, m.in. BTC i ETH. Zalet\u0105 tych metod jest szybko\u015b\u0107 przetwarzania i anonimowo\u015b\u0107.<\/p>\n<p>Zapoznaj si\u0119 z uproszczonymi informacjami na temat naszych opcji p\u0142atno\u015bci:<\/p>\n<table>\n<tbody>\n<tr>\n<td>Metoda p\u0142atno\u015bci<\/td>\n<td>Opis<\/td>\n<td>Zalety<\/td>\n<\/tr>\n<tr>\n<td>Karty Visa i Mastercard<\/td>\n<td>Uznane na ca\u0142ym \u015bwiecie, bezpieczne, natychmiastowe przetwarzanie z minimalnym do\u0142adowaniem w wysoko\u015bci 20 \u20ac.<\/td>\n<td>Bezpiecze\u0144stwo, rozpoznawalno\u015b\u0107, p\u0142ynne p\u0142atno\u015bci<\/td>\n<\/tr>\n<tr>\n<td>Portfele cyfrowe<\/td>\n<td>P\u0142atno\u015bci za pomoc\u0105 odcisku palca lub Face ID, bez konieczno\u015bci wprowadzania danych karty<\/td>\n<td>Wygoda, \u0142atwo\u015b\u0107 p\u0142atno\u015bci, szybko\u015b\u0107<\/td>\n<\/tr>\n<tr>\n<td>Kryptowaluty<\/td>\n<td>P\u0142atno\u015bci za pomoc\u0105 BTC, ETH i innych kryptowalut<\/td>\n<td>Szybko\u015b\u0107, anonimowo\u015b\u0107<\/td>\n<\/tr>\n<tr>\n<td>Bezpiecze\u0144stwo i prowizje<\/td>\n<td>Wszystkie p\u0142atno\u015bci z certyfikatem SSL i bez prowizji<\/td>\n<td>Bezpiecze\u0144stwo bez dodatkowych koszt\u00f3w<\/td>\n<\/tr>\n<tr>\n<td>Czas przetwarzania<\/td>\n<td>Natychmiastowe wp\u0142aty, skr\u00f3cone terminy p\u0142atno\u015bci<\/td>\n<td>Szybki start w grze<\/td>\n<\/tr>\n<\/tbody>\n<\/table>\n<p>&nbsp;<\/p>\n<p>Wszystkie p\u0142atno\u015bci s\u0105 obj\u0119te tym samym poziomem bezpiecze\u0144stwa SSL. Morospin nie pobiera \u017cadnych prowizji. Dla wi\u0119kszej wygody zalecamy korzystanie z tej samej metody do wp\u0142at i wyp\u0142at. Wszystkie wp\u0142aty s\u0105 natychmiastowo ksi\u0119gowane, co pozwala na rozpocz\u0119cie gry bez czekania. Morospin, skr\u00f3cony czas p\u0142atno\u015bci. W ten spos\u00f3b mo\u017cna w pe\u0142ni bezpiecznie cieszy\u0107 si\u0119 najlepszymi wra\u017ceniami z Morospin.<\/p>\n<h2>Odbi\u00f3r w Morospin i czasy oczekiwania<\/h2>\n<p>Na szcz\u0119\u015bcie gracze maj\u0105 do dyspozycji kilka metod wyp\u0142aty wygranych, z kt\u00f3rych ka\u017cda ma swoje specyficzne cechy. Wa\u017cne jest, aby zapozna\u0107 si\u0119 z warunkami i postanowieniami, aby zrozumie\u0107 wszystkie szczeg\u00f3\u0142y.<\/p>\n<p>To samo dotyczy wyp\u0142at; kasyno oferuje r\u00f3\u017cne opcje. Je\u015bli chcesz wyp\u0142aci\u0107 swoje pieni\u0105dze, mo\u017cesz to zrobi\u0107 za pomoc\u0105 przelew\u00f3w bankowych (1-3 dni robocze), portfeli elektronicznych, takich jak Google Pay lub Apple Pay, kart Visa lub Mastercard oraz kryptowalut.<\/p>\n<p>Nale\u017cy pami\u0119ta\u0107, \u017ce limity wyp\u0142at r\u00f3\u017cni\u0105 si\u0119 w zale\u017cno\u015bci od typu u\u017cytkownika. U\u017cytkownicy VIP nie maj\u0105 takich samych limit\u00f3w. Je\u015bli jeste\u015b zwyk\u0142ym u\u017cytkownikiem, obowi\u0105zuj\u0105 Ci\u0119 nast\u0119puj\u0105ce limity: 1 000 \u20ac dziennie, 3 000 \u20ac tygodniowo i 10 000 \u20ac miesi\u0119cznie.<\/p>\n<p>U\u017cytkownicy VIP korzystaj\u0105 z podwy\u017cszonych limit\u00f3w, priorytetowych wyp\u0142at i szybszych procedur.<\/p>\n<p>Nale\u017cy podkre\u015bli\u0107, \u017ce czas realizacji wyp\u0142at r\u00f3\u017cni si\u0119 w zale\u017cno\u015bci od wybranej metody. Kryptowaluty s\u0105 metod\u0105 najszybszej realizacji. Nale\u017cy r\u00f3wnie\u017c wzi\u0105\u0107 pod uwag\u0119 ustalony limit, kt\u00f3ry nie dotyczy u\u017cytkownik\u00f3w VIP. U\u017cytkownicy VIP maj\u0105 wy\u017cszy limit, kt\u00f3ry ro\u015bnie w zale\u017cno\u015bci od poziomu, na kt\u00f3rym si\u0119 znajdujesz. Im wy\u017cszy poziom, tym mniej ogranicze\u0144. Moro Spin kasyno online oferuje skr\u00f3cony czas wyp\u0142aty dla najbardziej lojalnych u\u017cytkownik\u00f3w.<\/p>\n<h2>Cz\u0119sto zadawane pytania<\/h2>\n<h3>Jakie kroki nale\u017cy wykona\u0107, aby dokona\u0107 wp\u0142aty w kasynie Morospin?<\/h3>\n<p>Kroki niezb\u0119dne do wp\u0142aty \u015brodk\u00f3w s\u0105 bardzo proste. Najpierw nale\u017cy zalogowa\u0107 si\u0119 na swoje konto. Po zalogowaniu nale\u017cy przej\u015b\u0107 do sekcji \u201eWp\u0142ata\u201d, gdzie nale\u017cy wybra\u0107 \u017c\u0105dan\u0105 kwot\u0119 i metod\u0119 wp\u0142aty. W ci\u0105gu kilku krok\u00f3w pieni\u0105dze b\u0119d\u0105 dost\u0119pne na koncie.<\/p>\n<h3>Jakie s\u0105 minimalne i maksymalne kwoty wp\u0142at?<\/h3>\n<p>Minimalna kwota r\u00f3\u017cni si\u0119 w zale\u017cno\u015bci od u\u017cytej metody; mo\u017ce wynosi\u0107 2, 5, 10 lub 15 euro. Nale\u017cy wzi\u0105\u0107 to pod uwag\u0119 przy wyborze metody. W przypadku wyp\u0142at minimalna kwota wynosi 50 euro.<\/p>\n<h3>Czy za wp\u0142aty i wyp\u0142aty pobierane s\u0105 prowizje?<\/h3>\n<p>Nie, kasyno nie pobiera \u017cadnych prowizji za wyp\u0142at\u0119 lub wp\u0142at\u0119 pieni\u0119dzy. Nie oznacza to jednak, \u017ce bank, z kt\u00f3rego us\u0142ug korzystasz, nie pobiera op\u0142at.<\/p>\n<h3>Jak d\u0142ugo trwa realizacja wyp\u0142at?<\/h3>\n<p>Czas realizacji wyp\u0142at jest zazwyczaj kr\u00f3tki, a najszybsz\u0105 metod\u0105 s\u0105 kryptowaluty. Moro Spin, natychmiastowa wyp\u0142ata.<\/p>\n<h3>Jak wyp\u0142aci\u0107 wygrane w kasynie Morospin?<\/h3>\n<p>Aby wyp\u0142aci\u0107 pieni\u0105dze, musisz najpierw zalogowa\u0107 si\u0119 na swoje konto, nast\u0119pnie przej\u015b\u0107 do sekcji p\u0142atno\u015bci i wybra\u0107 opcj\u0119 wyp\u0142aty pieni\u0119dzy. Wybierz preferowan\u0105 metod\u0119 i kwot\u0119 do wyp\u0142aty. Proces ten jest bardzo prosty i szybki.<\/p>\n<\/div><\/div><\/p>\n","protected":false},"excerpt":{"rendered":"<p>Metody p\u0142atno\u015bci Morospin Metody p\u0142atno\u015bci Morospin oferuj\u0105 bezpieczne i \u0142atwe w obs\u0142udze przelewy bankowe, kt\u00f3re pozwalaj\u0105 zarz\u0105dza\u0107 pieni\u0119dzmi na platformie. Gracze z Polski mog\u0105 korzysta\u0107 z kart Visa i Mastercard, Apple Pay, Google Pay, a nawet kryptowalut, takich jak Bitcoin i Ethereum, aby bez obaw wp\u0142aca\u0107 i wyp\u0142aca\u0107 \u015brodki. Dzi\u0119ki systemowi bezpiecze\u0144stwa SSL i limitom [&hellip;]<\/p>\n","protected":false},"author":1,"featured_media":0,"parent":0,"menu_order":0,"comment_status":"closed","ping_status":"closed","template":"template-builder.php","meta":{"_acf_changed":false,"inline_featured_image":false,"footnotes":""},"class_list":["post-1553","page","type-page","status-publish","hentry"],"acf":[],"yoast_head":"<!-- This site is optimized with the Yoast SEO plugin v27.3 - https:\/\/yoast.com\/product\/yoast-seo-wordpress\/ -->\n<title>Morospin Metody P\u0142atno\u015bci | Skrill, Visa, Mastercard, Crypto<\/title>\n<meta name=\"description\" content=\"Bezpieczne i szybkie metody p\u0142atno\u015bci w Moro Spin, w tym karty kredytowe, kryptowaluty i portfele cyfrowe | Korzystaj z szybkich wp\u0142at i wyp\u0142at ju\u017c dzi\u015b!\" \/>\n<meta name=\"robots\" content=\"index, follow, max-snippet:-1, max-image-preview:large, max-video-preview:-1\" \/>\n<link rel=\"canonical\" href=\"https:\/\/morospincasino.com\/pl\/metody-platnosci\/\" \/>\n<meta property=\"og:locale\" content=\"pl_PL\" \/>\n<meta property=\"og:type\" content=\"article\" \/>\n<meta property=\"og:title\" content=\"Morospin Metody P\u0142atno\u015bci | Skrill, Visa, Mastercard, Crypto\" \/>\n<meta property=\"og:description\" content=\"Bezpieczne i szybkie metody p\u0142atno\u015bci w Moro Spin, w tym karty kredytowe, kryptowaluty i portfele cyfrowe | Korzystaj z szybkich wp\u0142at i wyp\u0142at ju\u017c dzi\u015b!\" \/>\n<meta property=\"og:url\" content=\"https:\/\/morospincasino.com\/pl\/metody-platnosci\/\" \/>\n<meta property=\"og:site_name\" content=\"morospin\" \/>\n<meta property=\"article:modified_time\" content=\"2026-02-17T12:21:47+00:00\" \/>\n<meta name=\"twitter:card\" content=\"summary_large_image\" \/>\n<meta name=\"twitter:label1\" content=\"Est. reading time\" \/>\n\t<meta name=\"twitter:data1\" content=\"1 minute\" \/>\n<script type=\"application\/ld+json\" class=\"yoast-schema-graph\">{\"@context\":\"https:\\\/\\\/schema.org\",\"@graph\":[{\"@type\":\"WebPage\",\"@id\":\"https:\\\/\\\/morospincasino.com\\\/pl\\\/metody-platnosci\\\/\",\"url\":\"https:\\\/\\\/morospincasino.com\\\/pl\\\/metody-platnosci\\\/\",\"name\":\"Morospin Metody P\u0142atno\u015bci | Skrill, Visa, Mastercard, Crypto\",\"isPartOf\":{\"@id\":\"https:\\\/\\\/morospincasino.com\\\/pl\\\/#website\"},\"datePublished\":\"2026-02-17T09:29:55+00:00\",\"dateModified\":\"2026-02-17T12:21:47+00:00\",\"description\":\"Bezpieczne i szybkie metody p\u0142atno\u015bci w Moro Spin, w tym karty kredytowe, kryptowaluty i portfele cyfrowe | Korzystaj z szybkich wp\u0142at i wyp\u0142at ju\u017c dzi\u015b!\",\"breadcrumb\":{\"@id\":\"https:\\\/\\\/morospincasino.com\\\/pl\\\/metody-platnosci\\\/#breadcrumb\"},\"inLanguage\":\"pl-PL\",\"potentialAction\":[{\"@type\":\"ReadAction\",\"target\":[\"https:\\\/\\\/morospincasino.com\\\/pl\\\/metody-platnosci\\\/\"]}]},{\"@type\":\"BreadcrumbList\",\"@id\":\"https:\\\/\\\/morospincasino.com\\\/pl\\\/metody-platnosci\\\/#breadcrumb\",\"itemListElement\":[{\"@type\":\"ListItem\",\"position\":1,\"name\":\"Morospin\",\"item\":\"https:\\\/\\\/morospincasino.com\\\/pl\\\/\"},{\"@type\":\"ListItem\",\"position\":2,\"name\":\"Metody p\u0142atno\u015bci\"}]},{\"@type\":\"WebSite\",\"@id\":\"https:\\\/\\\/morospincasino.com\\\/pl\\\/#website\",\"url\":\"https:\\\/\\\/morospincasino.com\\\/pl\\\/\",\"name\":\"Morospin\",\"description\":\"\",\"publisher\":{\"@id\":\"https:\\\/\\\/morospincasino.com\\\/pl\\\/#organization\"},\"potentialAction\":[{\"@type\":\"SearchAction\",\"target\":{\"@type\":\"EntryPoint\",\"urlTemplate\":\"https:\\\/\\\/morospincasino.com\\\/pl\\\/?s={search_term_string}\"},\"query-input\":{\"@type\":\"PropertyValueSpecification\",\"valueRequired\":true,\"valueName\":\"search_term_string\"}}],\"inLanguage\":\"pl-PL\"},{\"@type\":\"Organization\",\"@id\":\"https:\\\/\\\/morospincasino.com\\\/pl\\\/#organization\",\"name\":\"Morospin\",\"url\":\"https:\\\/\\\/morospincasino.com\\\/pl\\\/\",\"logo\":{\"@type\":\"ImageObject\",\"inLanguage\":\"pl-PL\",\"@id\":\"https:\\\/\\\/morospincasino.com\\\/pl\\\/#\\\/schema\\\/logo\\\/image\\\/\",\"url\":\"https:\\\/\\\/morospincasino.com\\\/wp-content\\\/uploads\\\/2026\\\/02\\\/logo-main.png\",\"contentUrl\":\"https:\\\/\\\/morospincasino.com\\\/wp-content\\\/uploads\\\/2026\\\/02\\\/logo-main.png\",\"width\":130,\"height\":66,\"caption\":\"Morospin\"},\"image\":{\"@id\":\"https:\\\/\\\/morospincasino.com\\\/pl\\\/#\\\/schema\\\/logo\\\/image\\\/\"}}]}<\/script>\n<!-- \/ Yoast SEO plugin. -->","yoast_head_json":{"title":"Morospin Metody P\u0142atno\u015bci | Skrill, Visa, Mastercard, Crypto","description":"Bezpieczne i szybkie metody p\u0142atno\u015bci w Moro Spin, w tym karty kredytowe, kryptowaluty i portfele cyfrowe | Korzystaj z szybkich wp\u0142at i wyp\u0142at ju\u017c dzi\u015b!","robots":{"index":"index","follow":"follow","max-snippet":"max-snippet:-1","max-image-preview":"max-image-preview:large","max-video-preview":"max-video-preview:-1"},"canonical":"https:\/\/morospincasino.com\/pl\/metody-platnosci\/","og_locale":"pl_PL","og_type":"article","og_title":"Morospin Metody P\u0142atno\u015bci | Skrill, Visa, Mastercard, Crypto","og_description":"Bezpieczne i szybkie metody p\u0142atno\u015bci w Moro Spin, w tym karty kredytowe, kryptowaluty i portfele cyfrowe | Korzystaj z szybkich wp\u0142at i wyp\u0142at ju\u017c dzi\u015b!","og_url":"https:\/\/morospincasino.com\/pl\/metody-platnosci\/","og_site_name":"morospin","article_modified_time":"2026-02-17T12:21:47+00:00","twitter_card":"summary_large_image","twitter_misc":{"Est. reading time":"1 minute"},"schema":{"@context":"https:\/\/schema.org","@graph":[{"@type":"WebPage","@id":"https:\/\/morospincasino.com\/pl\/metody-platnosci\/","url":"https:\/\/morospincasino.com\/pl\/metody-platnosci\/","name":"Morospin Metody P\u0142atno\u015bci | Skrill, Visa, Mastercard, Crypto","isPartOf":{"@id":"https:\/\/morospincasino.com\/pl\/#website"},"datePublished":"2026-02-17T09:29:55+00:00","dateModified":"2026-02-17T12:21:47+00:00","description":"Bezpieczne i szybkie metody p\u0142atno\u015bci w Moro Spin, w tym karty kredytowe, kryptowaluty i portfele cyfrowe | Korzystaj z szybkich wp\u0142at i wyp\u0142at ju\u017c dzi\u015b!","breadcrumb":{"@id":"https:\/\/morospincasino.com\/pl\/metody-platnosci\/#breadcrumb"},"inLanguage":"pl-PL","potentialAction":[{"@type":"ReadAction","target":["https:\/\/morospincasino.com\/pl\/metody-platnosci\/"]}]},{"@type":"BreadcrumbList","@id":"https:\/\/morospincasino.com\/pl\/metody-platnosci\/#breadcrumb","itemListElement":[{"@type":"ListItem","position":1,"name":"Morospin","item":"https:\/\/morospincasino.com\/pl\/"},{"@type":"ListItem","position":2,"name":"Metody p\u0142atno\u015bci"}]},{"@type":"WebSite","@id":"https:\/\/morospincasino.com\/pl\/#website","url":"https:\/\/morospincasino.com\/pl\/","name":"Morospin","description":"","publisher":{"@id":"https:\/\/morospincasino.com\/pl\/#organization"},"potentialAction":[{"@type":"SearchAction","target":{"@type":"EntryPoint","urlTemplate":"https:\/\/morospincasino.com\/pl\/?s={search_term_string}"},"query-input":{"@type":"PropertyValueSpecification","valueRequired":true,"valueName":"search_term_string"}}],"inLanguage":"pl-PL"},{"@type":"Organization","@id":"https:\/\/morospincasino.com\/pl\/#organization","name":"Morospin","url":"https:\/\/morospincasino.com\/pl\/","logo":{"@type":"ImageObject","inLanguage":"pl-PL","@id":"https:\/\/morospincasino.com\/pl\/#\/schema\/logo\/image\/","url":"https:\/\/morospincasino.com\/wp-content\/uploads\/2026\/02\/logo-main.png","contentUrl":"https:\/\/morospincasino.com\/wp-content\/uploads\/2026\/02\/logo-main.png","width":130,"height":66,"caption":"Morospin"},"image":{"@id":"https:\/\/morospincasino.com\/pl\/#\/schema\/logo\/image\/"}}]}},"_links":{"self":[{"href":"https:\/\/morospincasino.com\/pl\/wp-json\/wp\/v2\/pages\/1553","targetHints":{"allow":["GET"]}}],"collection":[{"href":"https:\/\/morospincasino.com\/pl\/wp-json\/wp\/v2\/pages"}],"about":[{"href":"https:\/\/morospincasino.com\/pl\/wp-json\/wp\/v2\/types\/page"}],"author":[{"embeddable":true,"href":"https:\/\/morospincasino.com\/pl\/wp-json\/wp\/v2\/users\/1"}],"replies":[{"embeddable":true,"href":"https:\/\/morospincasino.com\/pl\/wp-json\/wp\/v2\/comments?post=1553"}],"version-history":[{"count":1,"href":"https:\/\/morospincasino.com\/pl\/wp-json\/wp\/v2\/pages\/1553\/revisions"}],"predecessor-version":[{"id":1803,"href":"https:\/\/morospincasino.com\/pl\/wp-json\/wp\/v2\/pages\/1553\/revisions\/1803"}],"wp:attachment":[{"href":"https:\/\/morospincasino.com\/pl\/wp-json\/wp\/v2\/media?parent=1553"}],"curies":[{"name":"wp","href":"https:\/\/api.w.org\/{rel}","templated":true}]}}