{"id":1534,"date":"2026-02-17T09:22:15","date_gmt":"2026-02-17T09:22:15","guid":{"rendered":"https:\/\/morospincasino.com\/aplicacion\/"},"modified":"2026-02-17T12:20:36","modified_gmt":"2026-02-17T12:20:36","slug":"aplikacja","status":"publish","type":"page","link":"https:\/\/morospincasino.com\/pl\/aplikacja\/","title":{"rendered":"Aplikacja"},"content":{"rendered":"<h1>Aplikacja MoroSpin<\/h1>\n<p>MoroSpin App jest \u015bwietna dla graczy z Polski, kt\u00f3rzy lubi\u0105 gry hazardowe, niezale\u017cnie od czasu i miejsca. Zosta\u0142a stworzona, aby zapewni\u0107 maksymaln\u0105 rozrywk\u0119 podczas gry i dzia\u0142a doskonale na telefonach kom\u00f3rkowych i tabletach, zapewniaj\u0105c stabiln\u0105 i szybk\u0105 rozgrywk\u0119.<\/p>\n<p>Stworzona przez ludzi znaj\u0105cych si\u0119 na casino online, aplikacja MoroSpin jest \u0142atwa w obs\u0142udze i oferuje wiele gier, promocji oraz bezpiecznych metod p\u0142atno\u015bci. A je\u015bli masz jaki\u015b problem, nasza obs\u0142uga klienta jest na najwy\u017cszym poziomie. Dzi\u0119ki temu jest to jedna z najlepszych aplikacji zapewniaj\u0105cych rozrywk\u0119.<\/p>\n<div class=\"banner-wrap\" aria-label=\"Banner\"><img src=\"https:\/\/morospincasino.com\/wp-content\/uploads\/2026\/02\/Morospin-general-background-800\u0445342.webp\" class=\"w-100 d-none d-lg-block img-pc main-banner-img\" alt=\"Morospin banner desktop\" fetchpriority=\"high\" decoding=\"async\"><img src=\"https:\/\/morospincasino.com\/wp-content\/uploads\/2026\/02\/Morospin-banner-mobile.webp\" class=\"w-100 d-none d-md-block d-lg-none main-banner-img\" alt=\"Morospin banner mobile\" fetchpriority=\"high\" decoding=\"async\"><img src=\"https:\/\/morospincasino.com\/wp-content\/uploads\/2026\/02\/Morospin-banner-mobile.webp\" class=\"w-100 d-md-none\" alt=\"Morospin banner mobile\" fetchpriority=\"high\" decoding=\"async\"><div class=\"banner-description\">\n<div class=\"banner-title\">Bonusy powitalne<\/div>\n<p class=\"banner-header-title\">\u20ac1,500<\/p>\n<div class=\"banner-header-AdditionalText\">+ 250 Darmowe spiny<\/div>\n<button data-item=\"homepage_banner_link\" class=\"goto m-button m-gradient-border m-button--primary m-button--large banner-button btn-orange\">\n            <div class=\"m-button-content\">\n                <span>Zarejestruj si\u0119 teraz<\/span>\n                <span><\/span>\n            <\/div>\n        <\/button>\n<\/div>\n<div class=\"WelcomePack\">\n<p><img loading=\"lazy\" decoding=\"async\" class=\"alignnone size-full wp-image-1339\" src=\"https:\/\/morospincasino.com\/wp-content\/uploads\/2026\/02\/welcome-crown.png\" alt=\"welcome crown\" width=\"25\" height=\"26\" \/><\/p>\n<div class=\"WelcomePack-Info\">Cotygodniowy zwrot got\u00f3wki do 25%<\/div>\n<p><img loading=\"lazy\" decoding=\"async\" class=\"alignnone size-full wp-image-1339\" src=\"https:\/\/morospincasino.com\/wp-content\/uploads\/2026\/02\/welcome-crown.png\" alt=\"welcome crown\" width=\"25\" height=\"26\" \/><\/p>\n<\/div>\n<\/div>\n<h2>G\u0142\u00f3wne cechy<\/h2>\n<p>MoroSpin mobile wyr\u00f3\u017cnia si\u0119 bogatym katalogiem gier i doskona\u0142\u0105 wydajno\u015bci\u0105 na ka\u017cdym urz\u0105dzeniu mobilnym. Dzi\u0119ki wsp\u00f3\u0142pracy z ponad 50 najwi\u0119kszymi dostawcami w bran\u017cy oferujemy ponad 6 000 gier. Za po\u015brednictwem naszej aplikacji mo\u017cesz gra\u0107 na automatach, w blackjacka, pokera i ruletk\u0119. Dost\u0119pne s\u0105 nawet opcje zak\u0142ad\u00f3w na \u017cywo z prawdziwymi krupierami. Aplikacja pozwala cieszy\u0107 si\u0119 emocjami zwi\u0105zanymi z kasynami stacjonarnymi w zaciszu w\u0142asnego domu.<\/p>\n<p>Bonusy i promocje to jedna z najwi\u0119kszych atrakcji MoroSpin. Nowi gracze mog\u0105 liczy\u0107 na bardzo atrakcyjny bonus powitalny: do 1500 \u20ac i 250 darmowych spin\u00f3w. Ale to nie wszystko: mo\u017cesz r\u00f3wnie\u017c bra\u0107 udzia\u0142 w turniejach z bardzo wysokimi nagrodami, a je\u015bli nie masz szcz\u0119\u015bcia, skorzysta\u0107 z cotygodniowego cashbacku do 25%, kt\u00f3ry jest idealnym rozwi\u0105zaniem, aby zmaksymalizowa\u0107 swoje wygrane.<\/p>\n<p>Projekt naszej aplikacji zas\u0142uguje na uwag\u0119, poniewa\u017c posiada nowoczesny, przyjazny i bardzo \u0142atwy w obs\u0142udze interfejs. Dzi\u0119ki temu nasi gracze nie czuj\u0105 si\u0119 przyt\u0142oczeni du\u017c\u0105 liczb\u0105 przycisk\u00f3w akcji. Ponadto aplikacja jest tak samo bezpieczna jak wersja internetowa. Posiada szyfrowanie danych, co gwarantuje bezpieczne p\u0142atno\u015bci w aplikacji.<\/p>\n<p>Niezale\u017cnie od posiadanego urz\u0105dzenia, mo\u017cesz gra\u0107 na systemie Android, iOS, Windows lub macOS. Aplikacja jest naprawd\u0119 dost\u0119pna. A je\u015bli masz jakie\u015b problemy, obs\u0142uga klienta jest dost\u0119pna 24 godziny na dob\u0119, 7 dni w tygodniu.<\/p>\n<p><div style=\"clear: both\"><\/div><div class=\"d-flex justify-content-center\"><button data-item=\"decouvrez_link\" data-group=\"website_links\" class=\"goto fw-bold rounded-pill btn btn-orange\" aria-label=\"Aplikacja MoroSpin: pobierz\" >Aplikacja MoroSpin: pobierz<\/button><\/div><div class=\"scrollable-content-wrap my-5\"><div class=\"scrollable-content-inner\"><h2>Aplikacja MoroSpin Casino dla system\u00f3w Windows i macOS<\/h2>\n<p>Je\u015bli jeste\u015b jednym z tych, kt\u00f3rzy wol\u0105 gra\u0107 na du\u017cym ekranie, MoroSpin ma wszystko przygotowane, aby\u015b poczu\u0142 si\u0119 jak w prawdziwym kasynie, ale w zaciszu w\u0142asnego domu. Najlepsze jest to, \u017ce nie musisz komplikowa\u0107 sobie \u017cycia dziwnymi instalacjami. Wystarczy otworzy\u0107 przegl\u0105dark\u0119 (niezale\u017cnie od tego, czy u\u017cywasz Chrome, Safari czy Edge), wej\u015b\u0107 bezpo\u015brednio na stron\u0119 internetow\u0105 i od razu zacz\u0105\u0107 gra\u0107. Wszystko dzia\u0142a p\u0142ynnie, grafika wygl\u0105da niesamowicie i nie musisz czeka\u0107 na wieczne \u0142adowanie, nawet je\u015bli Twoje \u0142\u0105cze internetowe nie jest najszybsze na \u015bwiecie.<\/p>\n<p>Dla tych, kt\u00f3rzy szukaj\u0105 czego\u015b mocniejszego, MoroSpin oferuje r\u00f3wnie\u017c nasz\u0105 aplikacj\u0119 desktopow\u0105, kt\u00f3ra jest autentyczn\u0105 wersj\u0105. Ta wersja dzia\u0142a bez zak\u0142\u00f3ce\u0144, szczeg\u00f3lnie je\u015bli lubisz gry z bardzo szczeg\u00f3\u0142ow\u0105 grafik\u0105 lub sp\u0119dzasz godziny graj\u0105c. Mo\u017cna j\u0105 pobra\u0107 bezpo\u015brednio z oficjalnej strony (nie z podejrzanych stron, kt\u00f3re mog\u0105 przysporzy\u0107 problem\u00f3w), zainstalowa\u0107 za pomoc\u0105 dw\u00f3ch klikni\u0119\u0107 i gotowe. Ponadto oferuje ekskluzywne korzy\u015bci, takie jak natychmiastowe powiadomienia o specjalnych turniejach lub promocjach, kt\u00f3rych nie chcesz przegapi\u0107.<\/p>\n<p>Je\u015bli jednak korzystasz z komputera Mac, mo\u017cesz przej\u015b\u0107 do Preferencje systemowe &gt; Bezpiecze\u0144stwo i zezwoli\u0107 na aplikacje od zidentyfikowanych deweloper\u00f3w przed ich zainstalowaniem. Jest to szybki krok, kt\u00f3ry pozwoli Ci unikn\u0105\u0107 p\u00f3\u017aniejszych problem\u00f3w. A skoro mowa o bezpiecze\u0144stwie, nie ma potrzeby pobierania aplikacji z jakiejkolwiek strony innej ni\u017c oficjalna strona MoroSpin. Internet jest pe\u0142en pu\u0142apek, a ostatni\u0105 rzecz\u0105, jakiej by\u015b chcia\u0142, jest zainfekowanie komputera wirusem z powodu nieuwagi.<\/p>\n<p>Ostatecznie nie ma znaczenia, czy wolisz prostot\u0119 przegl\u0105darki, czy dodatkow\u0105 moc aplikacji komputerowej. MoroSpin jest zoptymalizowany tak, aby dzia\u0142a\u0142 doskonale zar\u00f3wno w systemie Windows, jak i macOS, niezale\u017cnie od tego, czy korzystasz z komputera PC do gier, czy skromniejszego MacBooka. Gry, bonusy, a nawet metody p\u0142atno\u015bci s\u0105 takie same w obu wersjach, wi\u0119c sam wybierasz, w jaki spos\u00f3b wolisz gra\u0107. Jedyn\u0105 r\u00f3\u017cnic\u0105 jest to, \u017ce w naszym kasyno online wszystko b\u0119dzie dzia\u0142a\u0142o nieco szybciej i b\u0119dziesz mia\u0142 dodatkow\u0105 wygod\u0119 dzi\u0119ki powiadomieniom. Ale tak naprawd\u0119 \u017cadna z tych opcji nie b\u0119dzie dla Ciebie z\u0142a.<\/p>\n<p><img loading=\"lazy\" decoding=\"async\" src=\"https:\/\/morospincasino.com\/wp-content\/uploads\/2026\/02\/Morospin-Desktop.webp\" alt=\"Morospin Desktop\" width=\"1248\" height=\"536\" \/><\/p>\n<\/div><\/div><div style=\"clear: both\"><\/div><div class=\"d-flex justify-content-center\"><button data-item=\"decouvrez_link\" data-group=\"website_links\" class=\"goto fw-bold rounded-pill btn btn-orange\" aria-label=\"Aplikacja MoroSpin: pobierz\" >Aplikacja MoroSpin: pobierz<\/button><\/div><div class=\"scrollable-content-wrap my-5\"><div class=\"scrollable-content-inner\"><h2>Pobierz Moro Spin na iOS<\/h2>\n<p>Je\u015bli masz iPhone&#8217;a lub iPada i chcesz gra\u0107 w MoroSpin Casino, nasza aplikacja jest dost\u0119pna w App Store i w mniej ni\u017c minut\u0119 b\u0119dzie gotowa do u\u017cycia. Tutaj wyja\u015bnimy Ci, jak j\u0105 zainstalowa\u0107 i co oferuje, aby\u015b nie przegapi\u0142 \u017cadnego szczeg\u00f3\u0142u.<\/p>\n<p>Nie zapomnij zaktualizowa\u0107 aplikacji, aby mie\u0107 dost\u0119p do najnowszych gier i unikn\u0105\u0107 problem\u00f3w.<\/p>\n<p>Jak j\u0105 zainstalowa\u0107? To bardzo proste.<\/p>\n<ol>\n<li>Przejd\u017a do App Store na swoim telefonie.<\/li>\n<li>Wpisz MoroSpin Casino w wyszukiwarce.<\/li>\n<li>Naci\u015bnij \u201ePobierz\u201d i potwierd\u017a za pomoc\u0105 Face ID, Touch ID lub has\u0142a Apple.<\/li>\n<li>Gotowe. Aplikacja zainstaluje si\u0119 automatycznie w ci\u0105gu kilku sekund. Otw\u00f3rz j\u0105 i zacznij korzysta\u0107.<\/li>\n<\/ol>\n<p>Wskaz\u00f3wki, jak uzyska\u0107 maksymalne korzy\u015bci:<\/p>\n<ul>\n<li>Zawsze aktualizuj aplikacj\u0119: dzi\u0119ki temu b\u0119dziesz mie\u0107 najnowsze gry i mniej b\u0142\u0119d\u00f3w.<\/li>\n<li>U\u017cyj WiFi do pobrania: je\u015bli aplikacja jest du\u017ca, unikaj zu\u017cywania danych.<\/li>\n<li>W\u0142\u0105cz powiadomienia: aby nie przegapi\u0107 b\u0142yskawicznych promocji.<\/li>\n<\/ul>\n<p>Dzi\u0119ki wyra\u017anej grafice i du\u017cej szybko\u015bci dzia\u0142ania aplikacja MoroSpin na iOS sprawia, \u017ce kasyno masz zawsze pod r\u0119k\u0105.<\/p>\n<p><img loading=\"lazy\" decoding=\"async\" src=\"https:\/\/morospincasino.com\/wp-content\/uploads\/2026\/02\/Morospin-iOS-App.webp\" alt=\"Morospin iOS App\" width=\"1248\" height=\"536\" \/><\/p>\n<\/div><\/div><div style=\"clear: both\"><\/div><div class=\"d-flex justify-content-center\"><button data-item=\"decouvrez_link\" data-group=\"website_links\" class=\"goto fw-bold rounded-pill btn btn-orange\" aria-label=\"Aplikacja MoroSpin: pobierz\" >Aplikacja MoroSpin: pobierz<\/button><\/div><div class=\"scrollable-content-wrap my-5\"><div class=\"scrollable-content-inner\"><h2>MoroSpin APK dla Androida<\/h2>\n<p>Je\u015bli jeste\u015b fanem kasyn online i chcesz wypr\u00f3bowa\u0107 MoroSpin na swoim urz\u0105dzeniu z systemem Android, te informacje mog\u0105 Ci naprawd\u0119 pom\u00f3c. Chocia\u017c nie znajdziesz nas w Google Play, instalacja jest dziecinnie prosta, je\u015bli post\u0119pujesz zgodnie z tym szczeg\u00f3\u0142owym przewodnikiem. Wyja\u015bnimy Ci wszystko, od pobierania po sztuczki, dzi\u0119ki kt\u00f3rym wszystko b\u0119dzie dzia\u0142a\u0107 jak w zegarku.<\/p>\n<p>Kluczowe kroki instalacji pliku APK:<\/p>\n<ol>\n<li>Pobierz bez problem\u00f3w: na naszej stronie MoroSpin przewi\u0144 w d\u00f3\u0142 (uwa\u017caj na podr\u00f3bki). Znajd\u017a przycisk pobierania dla systemu Android i naci\u015bnij go.<\/li>\n<li>Zezw\u00f3l na instalacje zewn\u0119trzne: Android blokuje aplikacje spoza Sklepu Play ze wzgl\u0119d\u00f3w bezpiecze\u0144stwa. Aby omin\u0105\u0107 to ograniczenie:\n<ul>\n<li>Przejd\u017a do Ustawienia &gt; Bezpiecze\u0144stwo &gt; Instalowanie nieznanych aplikacji.<\/li>\n<li>Wybierz swoj\u0105 przegl\u0105dark\u0119 (Chrome, Firefox itp.) i w\u0142\u0105cz uprawnienia. Tylko tym razem, nie martw si\u0119.<\/li>\n<\/ul>\n<\/li>\n<li>Zainstaluj jak profesjonalista: Po zako\u0144czeniu pobierania otw\u00f3rz plik APK i kliknij \u201eZainstaluj\u201d. Je\u015bli telefon wy\u015bwietli ostrze\u017cenie, potwierd\u017a instalacj\u0119. W ci\u0105gu mniej ni\u017c minuty ikona MoroSpin pojawi si\u0119 na ekranie.<\/li>\n<\/ol>\n<p>Je\u015bli masz problemy z pobieraniem, upewnij si\u0119, \u017ce masz dobre po\u0142\u0105czenie internetowe. Spr\u00f3buj u\u017cy\u0107 WiFi lub zrestartuj po\u0142\u0105czenie, je\u015bli co\u015b nie dzia\u0142a.<\/p>\n<p><img loading=\"lazy\" decoding=\"async\" src=\"https:\/\/morospincasino.com\/wp-content\/uploads\/2026\/02\/Morospin-Android-App.webp\" alt=\"Morospin Android App\" width=\"1248\" height=\"536\" \/><\/p>\n<\/div><\/div><div style=\"clear: both\"><\/div><div class=\"d-flex justify-content-center\"><button data-item=\"decouvrez_link\" data-group=\"website_links\" class=\"goto fw-bold rounded-pill btn btn-orange\" aria-label=\"Aplikacja MoroSpin: pobierz APK\" >Aplikacja MoroSpin: pobierz APK<\/button><\/div><div class=\"scrollable-content-wrap my-5\"><div class=\"scrollable-content-inner\"><h2>Cz\u0119sto zadawane pytania<\/h2>\n<h3>Czy mog\u0119 uzyska\u0107 dost\u0119p do obs\u0142ugi klienta za po\u015brednictwem aplikacji MoroSpin Casino?<\/h3>\n<p>Tak, nasze wsparcie techniczne jest dost\u0119pne w aplikacji. Mo\u017cesz uzyska\u0107 dost\u0119p do pomocy technicznej w dowolnym momencie, niezale\u017cnie od godziny i miejsca, w kt\u00f3rym si\u0119 znajdujesz. Dost\u0119pne 24 godziny na dob\u0119, 7 dni w tygodniu.<\/p>\n<h3>Czy istnieje aplikacja MoroSpin Casino dla system\u00f3w Windows i macOS?<\/h3>\n<p>Aplikacja nie jest konieczna. MoroSpin mobile oferuje mo\u017cliwo\u015b\u0107 gry w przegl\u0105darce lub po pobraniu aplikacji na komputer.<\/p>\n<h3>Czy mog\u0119 gra\u0107 w gry z krupierami na \u017cywo w aplikacji MoroSpin Casino?<\/h3>\n<p>Korzystanie z aplikacji nie zmieni w \u017caden spos\u00f3b Twoich wra\u017ce\u0144 z gry. B\u0119dziesz m\u00f3g\u0142 cieszy\u0107 si\u0119 wszystkim i jeszcze wi\u0119cej.<\/p>\n<h3>Jak mog\u0119 wyp\u0142aci\u0107 swoje wygrane za pomoc\u0105 aplikacji?<\/h3>\n<p>Wyp\u0142ata wygranych jest niezwykle prosta. Wystarczy przej\u015b\u0107 do opcji p\u0142atno\u015bci w aplikacji, wybra\u0107 \u017c\u0105dan\u0105 metod\u0119 p\u0142atno\u015bci i wyp\u0142aci\u0107 potrzebn\u0105 kwot\u0119. Nale\u017cy pami\u0119ta\u0107, \u017ce limity wyp\u0142at mog\u0105 by\u0107 ograniczone.<\/p>\n<h3>Czy wszystkie gry kasynowe s\u0105 dost\u0119pne w aplikacji mobilnej?<\/h3>\n<p>Tak, mo\u017cesz gra\u0107 we wszystkie gry dost\u0119pne w wersji internetowej. Ponadto gra w aplikacji mo\u017ce by\u0107 jeszcze p\u0142ynniejsza.<\/p>\n<\/div><\/div><\/p>\n","protected":false},"excerpt":{"rendered":"<p>Aplikacja MoroSpin MoroSpin App jest \u015bwietna dla graczy z Polski, kt\u00f3rzy lubi\u0105 gry hazardowe, niezale\u017cnie od czasu i miejsca. Zosta\u0142a stworzona, aby zapewni\u0107 maksymaln\u0105 rozrywk\u0119 podczas gry i dzia\u0142a doskonale na telefonach kom\u00f3rkowych i tabletach, zapewniaj\u0105c stabiln\u0105 i szybk\u0105 rozgrywk\u0119. Stworzona przez ludzi znaj\u0105cych si\u0119 na casino online, aplikacja MoroSpin jest \u0142atwa w obs\u0142udze i [&hellip;]<\/p>\n","protected":false},"author":1,"featured_media":0,"parent":0,"menu_order":0,"comment_status":"closed","ping_status":"closed","template":"template-builder.php","meta":{"_acf_changed":false,"inline_featured_image":false,"footnotes":""},"class_list":["post-1534","page","type-page","status-publish","hentry"],"acf":[],"yoast_head":"<!-- This site is optimized with the Yoast SEO plugin v27.3 - https:\/\/yoast.com\/product\/yoast-seo-wordpress\/ -->\n<title>MoroSpin App | Pobierz aplikacj\u0119 MoroSpin<\/title>\n<meta name=\"description\" content=\"Korzystaj ze swoich ulubionych gier zawsze i wsz\u0119dzie! Pobierz plik APK aplikacji Moro Spin Casino na Androida lub zainstaluj wersj\u0119 na iOS i zyskaj \u0142atwy dost\u0119p.\" \/>\n<meta name=\"robots\" content=\"index, follow, max-snippet:-1, max-image-preview:large, max-video-preview:-1\" \/>\n<link rel=\"canonical\" href=\"https:\/\/morospincasino.com\/pl\/aplikacja\/\" \/>\n<meta property=\"og:locale\" content=\"pl_PL\" \/>\n<meta property=\"og:type\" content=\"article\" \/>\n<meta property=\"og:title\" content=\"MoroSpin App | Pobierz aplikacj\u0119 MoroSpin\" \/>\n<meta property=\"og:description\" content=\"Korzystaj ze swoich ulubionych gier zawsze i wsz\u0119dzie! Pobierz plik APK aplikacji Moro Spin Casino na Androida lub zainstaluj wersj\u0119 na iOS i zyskaj \u0142atwy dost\u0119p.\" \/>\n<meta property=\"og:url\" content=\"https:\/\/morospincasino.com\/pl\/aplikacja\/\" \/>\n<meta property=\"og:site_name\" content=\"morospin\" \/>\n<meta property=\"article:modified_time\" content=\"2026-02-17T12:20:36+00:00\" \/>\n<meta name=\"twitter:card\" content=\"summary_large_image\" \/>\n<meta name=\"twitter:label1\" content=\"Est. reading time\" \/>\n\t<meta name=\"twitter:data1\" content=\"2 minutes\" \/>\n<script type=\"application\/ld+json\" class=\"yoast-schema-graph\">{\"@context\":\"https:\\\/\\\/schema.org\",\"@graph\":[{\"@type\":\"WebPage\",\"@id\":\"https:\\\/\\\/morospincasino.com\\\/pl\\\/aplikacja\\\/\",\"url\":\"https:\\\/\\\/morospincasino.com\\\/pl\\\/aplikacja\\\/\",\"name\":\"MoroSpin App | Pobierz aplikacj\u0119 MoroSpin\",\"isPartOf\":{\"@id\":\"https:\\\/\\\/morospincasino.com\\\/pl\\\/#website\"},\"datePublished\":\"2026-02-17T09:22:15+00:00\",\"dateModified\":\"2026-02-17T12:20:36+00:00\",\"description\":\"Korzystaj ze swoich ulubionych gier zawsze i wsz\u0119dzie! Pobierz plik APK aplikacji Moro Spin Casino na Androida lub zainstaluj wersj\u0119 na iOS i zyskaj \u0142atwy dost\u0119p.\",\"breadcrumb\":{\"@id\":\"https:\\\/\\\/morospincasino.com\\\/pl\\\/aplikacja\\\/#breadcrumb\"},\"inLanguage\":\"pl-PL\",\"potentialAction\":[{\"@type\":\"ReadAction\",\"target\":[\"https:\\\/\\\/morospincasino.com\\\/pl\\\/aplikacja\\\/\"]}]},{\"@type\":\"BreadcrumbList\",\"@id\":\"https:\\\/\\\/morospincasino.com\\\/pl\\\/aplikacja\\\/#breadcrumb\",\"itemListElement\":[{\"@type\":\"ListItem\",\"position\":1,\"name\":\"Morospin\",\"item\":\"https:\\\/\\\/morospincasino.com\\\/pl\\\/\"},{\"@type\":\"ListItem\",\"position\":2,\"name\":\"Aplikacja\"}]},{\"@type\":\"WebSite\",\"@id\":\"https:\\\/\\\/morospincasino.com\\\/pl\\\/#website\",\"url\":\"https:\\\/\\\/morospincasino.com\\\/pl\\\/\",\"name\":\"Morospin\",\"description\":\"\",\"publisher\":{\"@id\":\"https:\\\/\\\/morospincasino.com\\\/pl\\\/#organization\"},\"potentialAction\":[{\"@type\":\"SearchAction\",\"target\":{\"@type\":\"EntryPoint\",\"urlTemplate\":\"https:\\\/\\\/morospincasino.com\\\/pl\\\/?s={search_term_string}\"},\"query-input\":{\"@type\":\"PropertyValueSpecification\",\"valueRequired\":true,\"valueName\":\"search_term_string\"}}],\"inLanguage\":\"pl-PL\"},{\"@type\":\"Organization\",\"@id\":\"https:\\\/\\\/morospincasino.com\\\/pl\\\/#organization\",\"name\":\"Morospin\",\"url\":\"https:\\\/\\\/morospincasino.com\\\/pl\\\/\",\"logo\":{\"@type\":\"ImageObject\",\"inLanguage\":\"pl-PL\",\"@id\":\"https:\\\/\\\/morospincasino.com\\\/pl\\\/#\\\/schema\\\/logo\\\/image\\\/\",\"url\":\"https:\\\/\\\/morospincasino.com\\\/wp-content\\\/uploads\\\/2026\\\/02\\\/logo-main.png\",\"contentUrl\":\"https:\\\/\\\/morospincasino.com\\\/wp-content\\\/uploads\\\/2026\\\/02\\\/logo-main.png\",\"width\":130,\"height\":66,\"caption\":\"Morospin\"},\"image\":{\"@id\":\"https:\\\/\\\/morospincasino.com\\\/pl\\\/#\\\/schema\\\/logo\\\/image\\\/\"}}]}<\/script>\n<!-- \/ Yoast SEO plugin. -->","yoast_head_json":{"title":"MoroSpin App | Pobierz aplikacj\u0119 MoroSpin","description":"Korzystaj ze swoich ulubionych gier zawsze i wsz\u0119dzie! Pobierz plik APK aplikacji Moro Spin Casino na Androida lub zainstaluj wersj\u0119 na iOS i zyskaj \u0142atwy dost\u0119p.","robots":{"index":"index","follow":"follow","max-snippet":"max-snippet:-1","max-image-preview":"max-image-preview:large","max-video-preview":"max-video-preview:-1"},"canonical":"https:\/\/morospincasino.com\/pl\/aplikacja\/","og_locale":"pl_PL","og_type":"article","og_title":"MoroSpin App | Pobierz aplikacj\u0119 MoroSpin","og_description":"Korzystaj ze swoich ulubionych gier zawsze i wsz\u0119dzie! Pobierz plik APK aplikacji Moro Spin Casino na Androida lub zainstaluj wersj\u0119 na iOS i zyskaj \u0142atwy dost\u0119p.","og_url":"https:\/\/morospincasino.com\/pl\/aplikacja\/","og_site_name":"morospin","article_modified_time":"2026-02-17T12:20:36+00:00","twitter_card":"summary_large_image","twitter_misc":{"Est. reading time":"2 minutes"},"schema":{"@context":"https:\/\/schema.org","@graph":[{"@type":"WebPage","@id":"https:\/\/morospincasino.com\/pl\/aplikacja\/","url":"https:\/\/morospincasino.com\/pl\/aplikacja\/","name":"MoroSpin App | Pobierz aplikacj\u0119 MoroSpin","isPartOf":{"@id":"https:\/\/morospincasino.com\/pl\/#website"},"datePublished":"2026-02-17T09:22:15+00:00","dateModified":"2026-02-17T12:20:36+00:00","description":"Korzystaj ze swoich ulubionych gier zawsze i wsz\u0119dzie! Pobierz plik APK aplikacji Moro Spin Casino na Androida lub zainstaluj wersj\u0119 na iOS i zyskaj \u0142atwy dost\u0119p.","breadcrumb":{"@id":"https:\/\/morospincasino.com\/pl\/aplikacja\/#breadcrumb"},"inLanguage":"pl-PL","potentialAction":[{"@type":"ReadAction","target":["https:\/\/morospincasino.com\/pl\/aplikacja\/"]}]},{"@type":"BreadcrumbList","@id":"https:\/\/morospincasino.com\/pl\/aplikacja\/#breadcrumb","itemListElement":[{"@type":"ListItem","position":1,"name":"Morospin","item":"https:\/\/morospincasino.com\/pl\/"},{"@type":"ListItem","position":2,"name":"Aplikacja"}]},{"@type":"WebSite","@id":"https:\/\/morospincasino.com\/pl\/#website","url":"https:\/\/morospincasino.com\/pl\/","name":"Morospin","description":"","publisher":{"@id":"https:\/\/morospincasino.com\/pl\/#organization"},"potentialAction":[{"@type":"SearchAction","target":{"@type":"EntryPoint","urlTemplate":"https:\/\/morospincasino.com\/pl\/?s={search_term_string}"},"query-input":{"@type":"PropertyValueSpecification","valueRequired":true,"valueName":"search_term_string"}}],"inLanguage":"pl-PL"},{"@type":"Organization","@id":"https:\/\/morospincasino.com\/pl\/#organization","name":"Morospin","url":"https:\/\/morospincasino.com\/pl\/","logo":{"@type":"ImageObject","inLanguage":"pl-PL","@id":"https:\/\/morospincasino.com\/pl\/#\/schema\/logo\/image\/","url":"https:\/\/morospincasino.com\/wp-content\/uploads\/2026\/02\/logo-main.png","contentUrl":"https:\/\/morospincasino.com\/wp-content\/uploads\/2026\/02\/logo-main.png","width":130,"height":66,"caption":"Morospin"},"image":{"@id":"https:\/\/morospincasino.com\/pl\/#\/schema\/logo\/image\/"}}]}},"_links":{"self":[{"href":"https:\/\/morospincasino.com\/pl\/wp-json\/wp\/v2\/pages\/1534","targetHints":{"allow":["GET"]}}],"collection":[{"href":"https:\/\/morospincasino.com\/pl\/wp-json\/wp\/v2\/pages"}],"about":[{"href":"https:\/\/morospincasino.com\/pl\/wp-json\/wp\/v2\/types\/page"}],"author":[{"embeddable":true,"href":"https:\/\/morospincasino.com\/pl\/wp-json\/wp\/v2\/users\/1"}],"replies":[{"embeddable":true,"href":"https:\/\/morospincasino.com\/pl\/wp-json\/wp\/v2\/comments?post=1534"}],"version-history":[{"count":2,"href":"https:\/\/morospincasino.com\/pl\/wp-json\/wp\/v2\/pages\/1534\/revisions"}],"predecessor-version":[{"id":1802,"href":"https:\/\/morospincasino.com\/pl\/wp-json\/wp\/v2\/pages\/1534\/revisions\/1802"}],"wp:attachment":[{"href":"https:\/\/morospincasino.com\/pl\/wp-json\/wp\/v2\/media?parent=1534"}],"curies":[{"name":"wp","href":"https:\/\/api.w.org\/{rel}","templated":true}]}}