{"id":1549,"date":"2026-02-17T09:29:55","date_gmt":"2026-02-17T09:29:55","guid":{"rendered":"https:\/\/morospincasino.com\/metodos-de-pago\/"},"modified":"2026-02-17T10:43:11","modified_gmt":"2026-02-17T10:43:11","slug":"methodes-de-paiement","status":"publish","type":"page","link":"https:\/\/morospincasino.com\/fr\/methodes-de-paiement\/","title":{"rendered":"M\u00e9thodes de Paiement"},"content":{"rendered":"<h1>Morospin M\u00e9thodes de Paiement<\/h1>\n<p>Les m\u00e9thodes de paiement Morospin vous offrent des virements bancaires s\u00e9curis\u00e9s et faciles \u00e0 g\u00e9rer pour g\u00e9rer votre argent sur la plateforme. Vous pouvez utiliser des cartes Visa et Mastercard, Apple Pay, Google Pay, ou m\u00eame des cryptomonnaies telles que Bitcoin et Ethereum pour d\u00e9poser ou retirer des fonds en toute confiance.<\/p>\n<p>Avec son syst\u00e8me de s\u00e9curit\u00e9 SSL et ses limites adapt\u00e9es \u00e0 vos besoins, Morospin veille \u00e0 ce que tout soit s\u00fbr et rapide. Les retraits prennent entre un et deux jours, vous pouvez donc profiter du jeu sans souci.<\/p>\n<p><div class=\"banner-wrap\" aria-label=\"Banner\"><img src=\"https:\/\/morospincasino.com\/wp-content\/uploads\/2026\/02\/Morospin-general-background-800\u0445342.webp\" class=\"w-100 d-none d-lg-block img-pc main-banner-img\" alt=\"Morospin banner desktop\" fetchpriority=\"high\" decoding=\"async\"><img src=\"https:\/\/morospincasino.com\/wp-content\/uploads\/2026\/02\/Morospin-banner-mobile.webp\" class=\"w-100 d-none d-md-block d-lg-none main-banner-img\" alt=\"Morospin banner mobile\" fetchpriority=\"high\" decoding=\"async\"><img src=\"https:\/\/morospincasino.com\/wp-content\/uploads\/2026\/02\/Morospin-banner-mobile.webp\" class=\"w-100 d-md-none\" alt=\"Morospin banner mobile\" fetchpriority=\"high\" decoding=\"async\"><div class=\"banner-description\">\n<div class=\"banner-title\">Bonus de bienvenue<\/div>\n<p class=\"banner-header-title\">\u20ac1,500<\/p>\n<div class=\"banner-header-AdditionalText\">+ 250 Tours gratuits<\/div>\n<button data-item=\"homepage_banner_link\" class=\"goto m-button m-gradient-border m-button--primary m-button--large banner-button btn-orange\">\n            <div class=\"m-button-content\">\n                <span>Inscrivez-vous d\u00e8s maintenant<\/span>\n                <span><\/span>\n            <\/div>\n        <\/button>\n<\/div>\n<div class=\"WelcomePack\">\n<p><img loading=\"lazy\" decoding=\"async\" class=\"alignnone size-full wp-image-1339\" src=\"https:\/\/morospincasino.com\/wp-content\/uploads\/2026\/02\/welcome-crown.png\" alt=\"welcome crown\" width=\"25\" height=\"26\" \/><\/p>\n<div class=\"WelcomePack-Info\">Cashback hebdomadaire jusqu&rsquo;\u00e0 25 %<\/div>\n<p><img loading=\"lazy\" decoding=\"async\" class=\"alignnone size-full wp-image-1339\" src=\"https:\/\/morospincasino.com\/wp-content\/uploads\/2026\/02\/welcome-crown.png\" alt=\"welcome crown\" width=\"25\" height=\"26\" \/><\/p>\n<\/div>\n<\/div><div class=\"scrollable-content-wrap \"><div class=\"scrollable-content-inner\"><h2>Comment effectuer des d\u00e9p\u00f4ts sur Moro Spin<\/h2>\n<p>Pr\u00eat \u00e0 faire un d\u00e9p\u00f4t sur Moro Spin ? Tout d&rsquo;abord, vous devez vous inscrire. C&rsquo;est facile et s\u00e9curis\u00e9.<\/p>\n<ol>\n<li>Inscrivez-vous d\u00e8s maintenant :<\/li>\n<\/ol>\n<ul>\n<li>Remplissez le formulaire avec vos informations d\u00e9taill\u00e9es.<\/li>\n<li>V\u00e9rifiez votre bo\u00eete mail et validez votre compte.<\/li>\n<li>Confirmez votre identit\u00e9 (pour pouvoir effectuer un retrait ult\u00e9rieurement).<\/li>\n<\/ul>\n<ol>\n<li>Connectez-vous \u00e0 votre compte.<\/li>\n<li>Cliquez sur D\u00e9poser.<\/li>\n<li>Choisissez votre mode de paiement :<\/li>\n<\/ol>\n<ul>\n<li>Cartes communes (tout est disponible).<\/li>\n<li>Apple Pay\/Google Pay (tr\u00e8s rapide depuis votre t\u00e9l\u00e9phone portable).<\/li>\n<li>Crypto (Bitcoin, Ethereum et tous les autres fonctionnent tr\u00e8s bien).<\/li>\n<\/ul>\n<ol>\n<li>Indiquez le montant que vous souhaitez verser (minimum 20 \u20ac).<\/li>\n<li>Confirmez et c&rsquo;est termin\u00e9.<\/li>\n<\/ol>\n<p>Avec Moro Spin, votre d\u00e9p\u00f4t est disponible instantan\u00e9ment, les transactions sont s\u00e9curis\u00e9es et sans frais cach\u00e9s. Il y en a pour tous les go\u00fbts. Alors essayez-le !<\/p>\n<p>Un conseil : utilisez la m\u00eame m\u00e9thode pour d\u00e9poser et retirer de l&rsquo;argent. Et n&rsquo;oubliez pas de v\u00e9rifier votre compte avant d&rsquo;effectuer votre premier d\u00e9p\u00f4t.<\/p>\n<p>Enfin, il est important de lire les conditions g\u00e9n\u00e9rales de chaque bonus. Cela vous permettra de conna\u00eetre en d\u00e9tail tout ce qu&rsquo;implique l&rsquo;utilisation dudit bonus.<\/p>\n<p>L&rsquo;ensemble du processus prend moins de 2 minutes et votre solde est imm\u00e9diatement mis \u00e0 jour.<\/p>\n<p>Il est important de souligner que chaque m\u00e9thode de d\u00e9p\u00f4t est diff\u00e9rente et que les d\u00e9lais de traitement varient g\u00e9n\u00e9ralement en fonction de la m\u00e9thode utilis\u00e9e. Morospin ne facture aucun frais, mais il se peut que la banque utilis\u00e9e en facture. Moro Spin : des paiements sans souci.<\/p>\n<p>Profitez de la tranquillit\u00e9 d&rsquo;esprit offerte par des m\u00e9thodes de paiement b\u00e9n\u00e9ficiant d&rsquo;un soutien international et d&rsquo;une s\u00e9curit\u00e9 de bout en bout. Vos transactions seront toujours s\u00e9curis\u00e9es.<\/p>\n<h2>Paiements et m\u00e9thodes de d\u00e9p\u00f4t sur Moro Spin<\/h2>\n<p>Morospin casino en ligne propose plusieurs alternatives pour recharger votre solde rapidement et en toute s\u00e9curit\u00e9 :<\/p>\n<p>Les cartes Visa et Mastercard sont deux des cartes les plus utilis\u00e9es dans le monde. Ces \u00e9tablissements se distinguent par leur reconnaissance et leur s\u00e9curit\u00e9. Si vous souhaitez les utiliser, vous pouvez le faire sans aucun probl\u00e8me. Rechargez un minimum de 20 \u20ac et profitez d&rsquo;un traitement instantan\u00e9.<\/p>\n<p>Les portefeuilles num\u00e9riques sont utilis\u00e9s pour leur commodit\u00e9 et leur facilit\u00e9 de paiement. Vous pouvez effectuer des paiements avec votre empreinte digitale ou votre visage \u00e0 l&rsquo;aide de Face ID. Le casino propose des paiements avec Google Pay ou Apple Pay. Deux options parfaites, car vous n&rsquo;avez pas besoin de saisir les d\u00e9tails de votre carte.<\/p>\n<p>Ces derniers temps, les cryptomonnaies ont gagn\u00e9 en popularit\u00e9 ; Moro Spin en a tenu compte et a int\u00e9gr\u00e9 les paiements en cryptomonnaies. BTC et ETH, parmi beaucoup d&rsquo;autres. L&rsquo;avantage de ces m\u00e9thodes r\u00e9side dans leur rapidit\u00e9 de traitement et leur anonymat.<\/p>\n<p>Consultez les informations simplifi\u00e9es et r\u00e9sum\u00e9es sur nos options de paiement :<\/p>\n<table>\n<tbody>\n<tr>\n<td>Mode de paiement<\/td>\n<td>Description<\/td>\n<td>Avantages<\/td>\n<\/tr>\n<tr>\n<td>Cartes Visa et Mastercard<\/td>\n<td>Reconnues mondialement, s\u00e9curis\u00e9es, traitement instantan\u00e9 avec une recharge minimale de 20 \u20ac.<\/td>\n<td>S\u00e9curit\u00e9, reconnaissance, paiements sans probl\u00e8me<\/td>\n<\/tr>\n<tr>\n<td>Portefeuilles num\u00e9riques<\/td>\n<td>Paiements par empreinte digitale ou Face ID, sans avoir \u00e0 saisir les informations de votre carte<\/td>\n<td>Confort, facilit\u00e9 de paiement, rapidit\u00e9<\/td>\n<\/tr>\n<tr>\n<td>Cryptomonnaies<\/td>\n<td>Paiements avec BTC, ETH et autres cryptomonnaies<\/td>\n<td>Rapidit\u00e9, anonymat<\/td>\n<\/tr>\n<tr>\n<td>S\u00e9curit\u00e9 et commissions<\/td>\n<td>Tous les paiements avec niveau SSL et sans commissions<\/td>\n<td>S\u00e9curit\u00e9, sans frais suppl\u00e9mentaires<\/td>\n<\/tr>\n<tr>\n<td>Temps de traitement<\/td>\n<td>D\u00e9p\u00f4ts cr\u00e9dit\u00e9s imm\u00e9diatement, paiements rapides<\/td>\n<td>D\u00e9marrage rapide dans le jeu<\/td>\n<\/tr>\n<\/tbody>\n<\/table>\n<p>Tous les paiements b\u00e9n\u00e9ficient du m\u00eame niveau de s\u00e9curit\u00e9 SSL. Morospin ne pr\u00e9l\u00e8ve aucune commission. Pour plus de commodit\u00e9, nous vous recommandons d&rsquo;utiliser la m\u00eame m\u00e9thode pour effectuer vos d\u00e9p\u00f4ts et vos retraits. Tous les d\u00e9p\u00f4ts sont cr\u00e9dit\u00e9s imm\u00e9diatement, ce qui vous permet de commencer \u00e0 jouer sans attendre. Morospin, temps de paiement r\u00e9duit. Vous pouvez ainsi profiter pleinement de l&rsquo;exp\u00e9rience Morospin en toute s\u00e9curit\u00e9.<\/p>\n<h2>Retrait \u00e0 Morospin et d\u00e9lais d&rsquo;attente<\/h2>\n<p>Heureusement, les joueurs disposent de plusieurs m\u00e9thodes pour retirer leurs gains, chacune pr\u00e9sentant des caract\u00e9ristiques sp\u00e9cifiques. Il est important de lire les conditions g\u00e9n\u00e9rales afin de bien comprendre toutes les sp\u00e9cifications.<\/p>\n<p>Il en va de m\u00eame pour les retraits ; le casino propose plusieurs options. Si vous souhaitez retirer votre argent, vous pouvez le faire par virement bancaire (1 \u00e0 3 jours ouvrables), via des portefeuilles \u00e9lectroniques tels que Google Pay ou Apple Pay, par carte Visa ou Mastercard et en cryptomonnaies.<\/p>\n<p>Il est important de noter que les limites de retrait varient en fonction du type d&rsquo;utilisateur que vous \u00eates. Les utilisateurs VIP ne sont pas soumis aux m\u00eames limites. Si vous \u00eates un utilisateur ordinaire, les limites qui vous seront appliqu\u00e9es sont les suivantes : 1 000 \u20ac par jour, 3 000 \u20ac par semaine et 10 000 \u20ac par mois.<\/p>\n<p>Les utilisateurs VIP b\u00e9n\u00e9ficient de limites plus \u00e9lev\u00e9es, de retraits prioritaires et de proc\u00e9dures plus rapides.<\/p>\n<p>Il est important de noter que les d\u00e9lais de retrait varient g\u00e9n\u00e9ralement en fonction de la m\u00e9thode utilis\u00e9e. Les cryptomonnaies sont la m\u00e9thode de traitement la plus rapide. Il faut \u00e9galement tenir compte de la limite fix\u00e9e, qui ne s&rsquo;applique pas aux utilisateurs VIP. Les utilisateurs VIP b\u00e9n\u00e9ficient d&rsquo;une limite plus large, qui augmente en fonction de votre niveau. Plus votre niveau est \u00e9lev\u00e9, moins vous avez de restrictions. Moro Spin casino en ligne offre des d\u00e9lais de retrait r\u00e9duits pour les utilisateurs les plus fid\u00e8les.<\/p>\n<h2>Foire aux questions<\/h2>\n<h3>Quelles sont les \u00e9tapes \u00e0 suivre pour effectuer un d\u00e9p\u00f4t sur le casino Morospin ?<\/h3>\n<p>Les \u00e9tapes pour d\u00e9poser des fonds sont tr\u00e8s simples ; tout d&rsquo;abord, vous devez vous connecter \u00e0 votre compte. Une fois connect\u00e9, rendez-vous dans la section \u00ab D\u00e9poser \u00bb ; s\u00e9lectionnez ensuite le montant souhait\u00e9 et le mode de d\u00e9p\u00f4t \u00e0 utiliser. En quelques \u00e9tapes, votre argent sera disponible sur votre compte.<\/p>\n<h3>Quels sont les montants minimum et maximum des d\u00e9p\u00f4ts ?<\/h3>\n<p>Le montant minimum varie selon la m\u00e9thode utilis\u00e9e ; il peut \u00eatre de 2, 5, 10 ou 15 euros. Tenez-en compte lorsque vous choisissez votre m\u00e9thode. En ce qui concerne les retraits, le montant minimum est de 50 euros.<\/p>\n<h3>Y a-t-il des frais pour les d\u00e9p\u00f4ts et les retraits ?<\/h3>\n<p>Non, le casino ne pr\u00e9l\u00e8ve aucune commission lors des retraits ou des d\u00e9p\u00f4ts d&rsquo;argent. Cela n&#8217;emp\u00eache pas la banque utilis\u00e9e de pr\u00e9lever des frais.<\/p>\n<h3>Combien de temps faut-il pour traiter les retraits ?<\/h3>\n<p>Les d\u00e9lais de retrait sont g\u00e9n\u00e9ralement rapides, les cryptomonnaies \u00e9tant la m\u00e9thode la plus rapide. Moro Spin, retrait instantan\u00e9.<\/p>\n<h3>Comment retirer mes gains sur le casino Morospin ?<\/h3>\n<p>Pour retirer votre argent, vous devez d&rsquo;abord vous connecter \u00e0 votre compte, puis acc\u00e9der \u00e0 la section \u00ab Retrait \u00bb et s\u00e9lectionner l&rsquo;option de retrait d&rsquo;argent. S\u00e9lectionnez la m\u00e9thode que vous pr\u00e9f\u00e9rez et le montant \u00e0 retirer. Le processus est tr\u00e8s simple et rapide.<\/p>\n<\/div><\/div><\/p>\n","protected":false},"excerpt":{"rendered":"<p>Morospin M\u00e9thodes de Paiement Les m\u00e9thodes de paiement Morospin vous offrent des virements bancaires s\u00e9curis\u00e9s et faciles \u00e0 g\u00e9rer pour g\u00e9rer votre argent sur la plateforme. Vous pouvez utiliser des cartes Visa et Mastercard, Apple Pay, Google Pay, ou m\u00eame des cryptomonnaies telles que Bitcoin et Ethereum pour d\u00e9poser ou retirer des fonds en toute [&hellip;]<\/p>\n","protected":false},"author":1,"featured_media":0,"parent":0,"menu_order":0,"comment_status":"closed","ping_status":"closed","template":"template-builder.php","meta":{"_acf_changed":false,"inline_featured_image":false,"footnotes":""},"class_list":["post-1549","page","type-page","status-publish","hentry"],"acf":[],"yoast_head":"<!-- This site is optimized with the Yoast SEO plugin v27.3 - https:\/\/yoast.com\/product\/yoast-seo-wordpress\/ -->\n<title>Morospin M\u00e9thodes de Paiement | Skrill, Visa, Mastercard, Crypto<\/title>\n<meta name=\"description\" content=\"M\u00e9thodes de paiement s\u00e9curis\u00e9es et rapides chez Moro Spin, incluant cartes bancaires, cryptomonnaies et portefeuilles num\u00e9riques | Profitez de d\u00e9p\u00f4ts et de retraits rapides d\u00e8s aujourd\u2019hui!\" \/>\n<meta name=\"robots\" content=\"index, follow, max-snippet:-1, max-image-preview:large, max-video-preview:-1\" \/>\n<link rel=\"canonical\" href=\"https:\/\/morospincasino.com\/fr\/methodes-de-paiement\/\" \/>\n<meta property=\"og:locale\" content=\"fr_FR\" \/>\n<meta property=\"og:type\" content=\"article\" \/>\n<meta property=\"og:title\" content=\"Morospin M\u00e9thodes de Paiement | Skrill, Visa, Mastercard, Crypto\" \/>\n<meta property=\"og:description\" content=\"M\u00e9thodes de paiement s\u00e9curis\u00e9es et rapides chez Moro Spin, incluant cartes bancaires, cryptomonnaies et portefeuilles num\u00e9riques | Profitez de d\u00e9p\u00f4ts et de retraits rapides d\u00e8s aujourd\u2019hui!\" \/>\n<meta property=\"og:url\" content=\"https:\/\/morospincasino.com\/fr\/methodes-de-paiement\/\" \/>\n<meta property=\"og:site_name\" content=\"morospin\" \/>\n<meta property=\"article:modified_time\" content=\"2026-02-17T10:43:11+00:00\" \/>\n<meta name=\"twitter:card\" content=\"summary_large_image\" \/>\n<meta name=\"twitter:label1\" content=\"Dur\u00e9e de lecture estim\u00e9e\" \/>\n\t<meta name=\"twitter:data1\" content=\"1 minute\" \/>\n<script type=\"application\/ld+json\" class=\"yoast-schema-graph\">{\"@context\":\"https:\\\/\\\/schema.org\",\"@graph\":[{\"@type\":\"WebPage\",\"@id\":\"https:\\\/\\\/morospincasino.com\\\/fr\\\/methodes-de-paiement\\\/\",\"url\":\"https:\\\/\\\/morospincasino.com\\\/fr\\\/methodes-de-paiement\\\/\",\"name\":\"Morospin M\u00e9thodes de Paiement | Skrill, Visa, Mastercard, Crypto\",\"isPartOf\":{\"@id\":\"https:\\\/\\\/morospincasino.com\\\/fr\\\/#website\"},\"datePublished\":\"2026-02-17T09:29:55+00:00\",\"dateModified\":\"2026-02-17T10:43:11+00:00\",\"description\":\"M\u00e9thodes de paiement s\u00e9curis\u00e9es et rapides chez Moro Spin, incluant cartes bancaires, cryptomonnaies et portefeuilles num\u00e9riques | Profitez de d\u00e9p\u00f4ts et de retraits rapides d\u00e8s aujourd\u2019hui!\",\"breadcrumb\":{\"@id\":\"https:\\\/\\\/morospincasino.com\\\/fr\\\/methodes-de-paiement\\\/#breadcrumb\"},\"inLanguage\":\"fr-FR\",\"potentialAction\":[{\"@type\":\"ReadAction\",\"target\":[\"https:\\\/\\\/morospincasino.com\\\/fr\\\/methodes-de-paiement\\\/\"]}]},{\"@type\":\"BreadcrumbList\",\"@id\":\"https:\\\/\\\/morospincasino.com\\\/fr\\\/methodes-de-paiement\\\/#breadcrumb\",\"itemListElement\":[{\"@type\":\"ListItem\",\"position\":1,\"name\":\"Morospin\",\"item\":\"https:\\\/\\\/morospincasino.com\\\/fr\\\/\"},{\"@type\":\"ListItem\",\"position\":2,\"name\":\"M\u00e9thodes de Paiement\"}]},{\"@type\":\"WebSite\",\"@id\":\"https:\\\/\\\/morospincasino.com\\\/fr\\\/#website\",\"url\":\"https:\\\/\\\/morospincasino.com\\\/fr\\\/\",\"name\":\"Morospin\",\"description\":\"\",\"publisher\":{\"@id\":\"https:\\\/\\\/morospincasino.com\\\/fr\\\/#organization\"},\"potentialAction\":[{\"@type\":\"SearchAction\",\"target\":{\"@type\":\"EntryPoint\",\"urlTemplate\":\"https:\\\/\\\/morospincasino.com\\\/fr\\\/?s={search_term_string}\"},\"query-input\":{\"@type\":\"PropertyValueSpecification\",\"valueRequired\":true,\"valueName\":\"search_term_string\"}}],\"inLanguage\":\"fr-FR\"},{\"@type\":\"Organization\",\"@id\":\"https:\\\/\\\/morospincasino.com\\\/fr\\\/#organization\",\"name\":\"Morospin\",\"url\":\"https:\\\/\\\/morospincasino.com\\\/fr\\\/\",\"logo\":{\"@type\":\"ImageObject\",\"inLanguage\":\"fr-FR\",\"@id\":\"https:\\\/\\\/morospincasino.com\\\/fr\\\/#\\\/schema\\\/logo\\\/image\\\/\",\"url\":\"https:\\\/\\\/morospincasino.com\\\/wp-content\\\/uploads\\\/2026\\\/02\\\/logo-main.png\",\"contentUrl\":\"https:\\\/\\\/morospincasino.com\\\/wp-content\\\/uploads\\\/2026\\\/02\\\/logo-main.png\",\"width\":130,\"height\":66,\"caption\":\"Morospin\"},\"image\":{\"@id\":\"https:\\\/\\\/morospincasino.com\\\/fr\\\/#\\\/schema\\\/logo\\\/image\\\/\"}}]}<\/script>\n<!-- \/ Yoast SEO plugin. -->","yoast_head_json":{"title":"Morospin M\u00e9thodes de Paiement | Skrill, Visa, Mastercard, Crypto","description":"M\u00e9thodes de paiement s\u00e9curis\u00e9es et rapides chez Moro Spin, incluant cartes bancaires, cryptomonnaies et portefeuilles num\u00e9riques | Profitez de d\u00e9p\u00f4ts et de retraits rapides d\u00e8s aujourd\u2019hui!","robots":{"index":"index","follow":"follow","max-snippet":"max-snippet:-1","max-image-preview":"max-image-preview:large","max-video-preview":"max-video-preview:-1"},"canonical":"https:\/\/morospincasino.com\/fr\/methodes-de-paiement\/","og_locale":"fr_FR","og_type":"article","og_title":"Morospin M\u00e9thodes de Paiement | Skrill, Visa, Mastercard, Crypto","og_description":"M\u00e9thodes de paiement s\u00e9curis\u00e9es et rapides chez Moro Spin, incluant cartes bancaires, cryptomonnaies et portefeuilles num\u00e9riques | Profitez de d\u00e9p\u00f4ts et de retraits rapides d\u00e8s aujourd\u2019hui!","og_url":"https:\/\/morospincasino.com\/fr\/methodes-de-paiement\/","og_site_name":"morospin","article_modified_time":"2026-02-17T10:43:11+00:00","twitter_card":"summary_large_image","twitter_misc":{"Dur\u00e9e de lecture estim\u00e9e":"1 minute"},"schema":{"@context":"https:\/\/schema.org","@graph":[{"@type":"WebPage","@id":"https:\/\/morospincasino.com\/fr\/methodes-de-paiement\/","url":"https:\/\/morospincasino.com\/fr\/methodes-de-paiement\/","name":"Morospin M\u00e9thodes de Paiement | Skrill, Visa, Mastercard, Crypto","isPartOf":{"@id":"https:\/\/morospincasino.com\/fr\/#website"},"datePublished":"2026-02-17T09:29:55+00:00","dateModified":"2026-02-17T10:43:11+00:00","description":"M\u00e9thodes de paiement s\u00e9curis\u00e9es et rapides chez Moro Spin, incluant cartes bancaires, cryptomonnaies et portefeuilles num\u00e9riques | Profitez de d\u00e9p\u00f4ts et de retraits rapides d\u00e8s aujourd\u2019hui!","breadcrumb":{"@id":"https:\/\/morospincasino.com\/fr\/methodes-de-paiement\/#breadcrumb"},"inLanguage":"fr-FR","potentialAction":[{"@type":"ReadAction","target":["https:\/\/morospincasino.com\/fr\/methodes-de-paiement\/"]}]},{"@type":"BreadcrumbList","@id":"https:\/\/morospincasino.com\/fr\/methodes-de-paiement\/#breadcrumb","itemListElement":[{"@type":"ListItem","position":1,"name":"Morospin","item":"https:\/\/morospincasino.com\/fr\/"},{"@type":"ListItem","position":2,"name":"M\u00e9thodes de Paiement"}]},{"@type":"WebSite","@id":"https:\/\/morospincasino.com\/fr\/#website","url":"https:\/\/morospincasino.com\/fr\/","name":"Morospin","description":"","publisher":{"@id":"https:\/\/morospincasino.com\/fr\/#organization"},"potentialAction":[{"@type":"SearchAction","target":{"@type":"EntryPoint","urlTemplate":"https:\/\/morospincasino.com\/fr\/?s={search_term_string}"},"query-input":{"@type":"PropertyValueSpecification","valueRequired":true,"valueName":"search_term_string"}}],"inLanguage":"fr-FR"},{"@type":"Organization","@id":"https:\/\/morospincasino.com\/fr\/#organization","name":"Morospin","url":"https:\/\/morospincasino.com\/fr\/","logo":{"@type":"ImageObject","inLanguage":"fr-FR","@id":"https:\/\/morospincasino.com\/fr\/#\/schema\/logo\/image\/","url":"https:\/\/morospincasino.com\/wp-content\/uploads\/2026\/02\/logo-main.png","contentUrl":"https:\/\/morospincasino.com\/wp-content\/uploads\/2026\/02\/logo-main.png","width":130,"height":66,"caption":"Morospin"},"image":{"@id":"https:\/\/morospincasino.com\/fr\/#\/schema\/logo\/image\/"}}]}},"_links":{"self":[{"href":"https:\/\/morospincasino.com\/fr\/wp-json\/wp\/v2\/pages\/1549","targetHints":{"allow":["GET"]}}],"collection":[{"href":"https:\/\/morospincasino.com\/fr\/wp-json\/wp\/v2\/pages"}],"about":[{"href":"https:\/\/morospincasino.com\/fr\/wp-json\/wp\/v2\/types\/page"}],"author":[{"embeddable":true,"href":"https:\/\/morospincasino.com\/fr\/wp-json\/wp\/v2\/users\/1"}],"replies":[{"embeddable":true,"href":"https:\/\/morospincasino.com\/fr\/wp-json\/wp\/v2\/comments?post=1549"}],"version-history":[{"count":2,"href":"https:\/\/morospincasino.com\/fr\/wp-json\/wp\/v2\/pages\/1549\/revisions"}],"predecessor-version":[{"id":1646,"href":"https:\/\/morospincasino.com\/fr\/wp-json\/wp\/v2\/pages\/1549\/revisions\/1646"}],"wp:attachment":[{"href":"https:\/\/morospincasino.com\/fr\/wp-json\/wp\/v2\/media?parent=1549"}],"curies":[{"name":"wp","href":"https:\/\/api.w.org\/{rel}","templated":true}]}}