{"id":1530,"date":"2026-02-17T09:22:15","date_gmt":"2026-02-17T09:22:15","guid":{"rendered":"https:\/\/morospincasino.com\/aplicacion\/"},"modified":"2026-02-17T10:41:26","modified_gmt":"2026-02-17T10:41:26","slug":"app","status":"publish","type":"page","link":"https:\/\/morospincasino.com\/fr\/app\/","title":{"rendered":"App"},"content":{"rendered":"<h1>Application MoroSpin<\/h1>\n<p>MoroSpin App est id\u00e9ale pour ceux qui aiment les jeux de hasard, \u00e0 tout moment et en tout lieu. Elle est con\u00e7ue pour vous permettre de vous amuser au maximum en jouant, et fonctionne \u00e0 merveille sur les t\u00e9l\u00e9phones portables et les tablettes pour une exp\u00e9rience de jeu stable et rapide.<\/p>\n<p>Cr\u00e9\u00e9e par des experts du casino en ligne, l\u2019application MoroSpin est facile \u00e0 utiliser et propose de nombreux jeux, des promotions et des moyens de paiement s\u00e9curis\u00e9s. Et si vous rencontrez un probl\u00e8me, notre service client est \u00e0 votre disposition. Pour toutes ces raisons, c\u2019est l\u2019une des meilleures applications pour vous divertir.<\/p>\n<div class=\"banner-wrap\" aria-label=\"Banner\"><img src=\"https:\/\/morospincasino.com\/wp-content\/uploads\/2026\/02\/Morospin-general-background-800\u0445342.webp\" class=\"w-100 d-none d-lg-block img-pc main-banner-img\" alt=\"Morospin banner desktop\" fetchpriority=\"high\" decoding=\"async\"><img src=\"https:\/\/morospincasino.com\/wp-content\/uploads\/2026\/02\/Morospin-banner-mobile.webp\" class=\"w-100 d-none d-md-block d-lg-none main-banner-img\" alt=\"Morospin banner mobile\" fetchpriority=\"high\" decoding=\"async\"><img src=\"https:\/\/morospincasino.com\/wp-content\/uploads\/2026\/02\/Morospin-banner-mobile.webp\" class=\"w-100 d-md-none\" alt=\"Morospin banner mobile\" fetchpriority=\"high\" decoding=\"async\"><div class=\"banner-description\">\n<div class=\"banner-title\">Bonus de bienvenue<\/div>\n<p class=\"banner-header-title\">\u20ac1,500<\/p>\n<div class=\"banner-header-AdditionalText\">+ 250 Tours gratuits<\/div>\n<button data-item=\"homepage_banner_link\" class=\"goto m-button m-gradient-border m-button--primary m-button--large banner-button btn-orange\">\n            <div class=\"m-button-content\">\n                <span>Inscrivez-vous d\u00e8s maintenant<\/span>\n                <span><\/span>\n            <\/div>\n        <\/button>\n<\/div>\n<div class=\"WelcomePack\">\n<p><img loading=\"lazy\" decoding=\"async\" class=\"alignnone size-full wp-image-1339\" src=\"https:\/\/morospincasino.com\/wp-content\/uploads\/2026\/02\/welcome-crown.png\" alt=\"welcome crown\" width=\"25\" height=\"26\" \/><\/p>\n<div class=\"WelcomePack-Info\">Cashback hebdomadaire jusqu&rsquo;\u00e0 25 %<\/div>\n<p><img loading=\"lazy\" decoding=\"async\" class=\"alignnone size-full wp-image-1339\" src=\"https:\/\/morospincasino.com\/wp-content\/uploads\/2026\/02\/welcome-crown.png\" alt=\"welcome crown\" width=\"25\" height=\"26\" \/><\/p>\n<\/div>\n<\/div>\n<h2>Caract\u00e9ristiques principales<\/h2>\n<p>MoroSpin mobile se distingue par son vaste catalogue de jeux et ses performances haut de gamme sur n\u2019importe quel appareil mobile. Plus de 6 000 jeux sont disponibles gr\u00e2ce \u00e0 notre partenariat avec plus de 50 grands fournisseurs du secteur. Gr\u00e2ce \u00e0 notre application, vous pourrez profiter des machines \u00e0 sous, du blackjack, du poker et de la roulette. Vous trouverez m\u00eame des options de paris en direct avec de vrais croupiers. L\u2019application vous permet de profiter de l\u2019excitation des casinos physiques depuis le confort de votre domicile.<\/p>\n<p>Les bonus et les promotions sont l\u2019un des principaux attraits de MoroSpin. Les nouveaux arrivants pourront profiter d\u2019un bonus de bienvenue tr\u00e8s int\u00e9ressant : jusqu\u2019\u00e0 1 500 \u20ac et 250 tours gratuits. Mais ce n\u2019est pas tout : vous pourrez \u00e9galement profiter de tournois avec des prix tr\u00e8s importants et, si vous n\u2019avez pas de chance, d\u2019un cashback hebdomadaire pouvant atteindre 25 %, ce qui est parfait pour maximiser vos gains.<\/p>\n<p>Le design de notre application m\u00e9rite une attention particuli\u00e8re, car elle dispose d\u2019une interface moderne, conviviale et tr\u00e8s facile \u00e0 utiliser. Cela permet \u00e0 nos joueurs de ne pas se sentir submerg\u00e9s par de nombreux boutons d\u2019action. De plus, l\u2019application est aussi s\u00e9curis\u00e9e que la version web. Elle dispose d\u2019un cryptage des donn\u00e9es, ce qui garantit la s\u00e9curit\u00e9 des paiements au sein de l\u2019application.<\/p>\n<p>Peu importe l\u2019appareil que vous poss\u00e9dez, vous pouvez jouer depuis Android, iOS, Windows ou macOS. Une application vraiment accessible. Et si vous rencontrez un probl\u00e8me, leur service client est disponible 24 heures sur 24, 7 jours sur 7.<\/p>\n<p><div style=\"clear: both\"><\/div><div class=\"d-flex justify-content-center\"><button data-item=\"decouvrez_link\" data-group=\"website_links\" class=\"goto fw-bold rounded-pill btn btn-orange\" aria-label=\"Application MoroSpin : t\u00e9l\u00e9charger\" >Application MoroSpin : t\u00e9l\u00e9charger<\/button><\/div><div class=\"scrollable-content-wrap my-5\"><div class=\"scrollable-content-inner\"><h2>Application MoroSpin Casino pour Windows et macOS<\/h2>\n<p>Si vous pr\u00e9f\u00e9rez jouer sur grand \u00e9cran, MoroSpin a tout pr\u00e9vu pour que vous vous sentiez comme dans un vrai casino, mais depuis le confort de votre maison. Et le mieux, c\u2019est que vous n\u2019avez pas besoin de vous compliquer la vie avec des installations compliqu\u00e9es. Il vous suffit d\u2019ouvrir votre navigateur (que vous utilisiez Chrome, Safari ou Edge) pour acc\u00e9der directement \u00e0 leur site web et commencer \u00e0 jouer instantan\u00e9ment. Tout fonctionne parfaitement, les graphismes sont incroyables et vous n\u2019aurez pas \u00e0 attendre des chargements interminables, m\u00eame si votre connexion Internet n\u2019est pas la plus rapide au monde.<\/p>\n<p>Pour ceux qui recherchent quelque chose de plus puissant, MoroSpin propose \u00e9galement notre application de bureau, qui est une version authentique. Cette version fonctionne sans interruption, surtout si vous aimez les jeux aux graphismes tr\u00e8s d\u00e9taill\u00e9s ou si vous passez des heures \u00e0 jouer. Vous pouvez la t\u00e9l\u00e9charger directement depuis le site officiel (pas de sites suspects, qui peuvent causer des probl\u00e8mes), l\u2019installer en deux clics et c\u2019est parti. De plus, elle offre des avantages exclusifs, tels que des notifications instantan\u00e9es lorsqu\u2019il y a des tournois sp\u00e9ciaux ou des promotions \u00e0 ne pas manquer.<\/p>\n<p>Mais si vous utilisez un Mac, vous pouvez aller dans Pr\u00e9f\u00e9rences Syst\u00e8me &gt; S\u00e9curit\u00e9 et autoriser les applications provenant de d\u00e9veloppeurs identifi\u00e9s avant l\u2019installation. C\u2019est une \u00e9tape rapide qui vous \u00e9vitera des maux de t\u00eate par la suite. Et en parlant de s\u00e9curit\u00e9, il n\u2019est pas n\u00e9cessaire de t\u00e9l\u00e9charger l\u2019application depuis un site autre que le site officiel de MoroSpin. Internet regorge de pi\u00e8ges, et la derni\u00e8re chose que vous souhaitez, c\u2019est qu\u2019un virus s\u2019introduise dans votre ordinateur par n\u00e9gligence.<\/p>\n<p>Finalement, peu importe que vous pr\u00e9f\u00e9riez la simplicit\u00e9 du navigateur ou la puissance suppl\u00e9mentaire de l\u2019application de bureau. MoroSpin est optimis\u00e9 pour fonctionner \u00e0 merveille aussi bien sous Windows que sous macOS, que ce soit sur un PC gamer ou un MacBook plus modeste. Les jeux, les bonus et m\u00eame les m\u00e9thodes de paiement sont les m\u00eames dans les deux versions, c\u2019est donc \u00e0 vous de choisir comment vous pr\u00e9f\u00e9rez jouer. La seule diff\u00e9rence est que dans notre casino en ligne, tout ira un peu plus vite et vous b\u00e9n\u00e9ficierez d\u2019un confort suppl\u00e9mentaire gr\u00e2ce aux notifications. Mais bon, vous ne vous trompez pas, quelle que soit l\u2019option choisie.<\/p>\n<p><img loading=\"lazy\" decoding=\"async\" src=\"https:\/\/morospincasino.com\/wp-content\/uploads\/2026\/02\/Morospin-Desktop.webp\" alt=\"Morospin Desktop\" width=\"1248\" height=\"536\" \/><\/p>\n<\/div><\/div><div style=\"clear: both\"><\/div><div class=\"d-flex justify-content-center\"><button data-item=\"decouvrez_link\" data-group=\"website_links\" class=\"goto fw-bold rounded-pill btn btn-orange\" aria-label=\"Application MoroSpin : t\u00e9l\u00e9charger\" >Application MoroSpin : t\u00e9l\u00e9charger<\/button><\/div><div class=\"scrollable-content-wrap my-5\"><div class=\"scrollable-content-inner\"><h2>T\u00e9l\u00e9charger Moro Spin sur iOS<\/h2>\n<p>Si vous avez un iPhone ou un iPad et que vous souhaitez jouer sur MoroSpin Casino, notre application est disponible dans l\u2019App Store, et en moins d\u2019une minute, elle sera pr\u00eate \u00e0 l\u2019emploi. Nous vous expliquons ici comment l\u2019installer et tout ce qu\u2019elle offre afin que vous ne manquez aucun d\u00e9tail.<\/p>\n<p>N\u2019oubliez pas de mettre \u00e0 jour l\u2019application pour b\u00e9n\u00e9ficier des derniers jeux et \u00e9viter tout probl\u00e8me.<\/p>\n<p>Comment l\u2019installer ? C\u2019est tr\u00e8s simple.<\/p>\n<ol>\n<li>Acc\u00e9dez \u00e0 l\u2019App Store sur votre t\u00e9l\u00e9phone.<\/li>\n<li>Tapez \u00ab MoroSpin Casino \u00bb dans le moteur de recherche.<\/li>\n<li>Appuyez sur Obtenir et utilisez Face ID, Touch ID ou votre mot de passe Apple pour confirmer.<\/li>\n<\/ol>\n<p>C\u2019est pr\u00eat. En quelques secondes, l\u2019application s\u2019installera automatiquement. Ouvrez-la et commencez \u00e0 en profiter.<\/p>\n<p>Conseils pour en tirer le meilleur parti:<\/p>\n<ul>\n<li>Mettez toujours l\u2019application \u00e0 jour : vous aurez ainsi les derniers jeux et moins d\u2019erreurs.<\/li>\n<li>Utilisez le WiFi pour t\u00e9l\u00e9charger : si l\u2019application est lourde, \u00e9vitez de d\u00e9penser vos donn\u00e9es.<\/li>\n<li>Activez les notifications : pour ne pas manquer les promotions \u00e9clair.<\/li>\n<\/ul>\n<p>Avec des graphismes nets et une vitesse \u00e0 revendre, MoroSpin sur iOS, c\u2019est comme avoir un casino dans son sac.<\/p>\n<p><img loading=\"lazy\" decoding=\"async\" src=\"https:\/\/morospincasino.com\/wp-content\/uploads\/2026\/02\/Morospin-iOS-App.webp\" alt=\"Morospin iOS App\" width=\"1248\" height=\"536\" \/><\/p>\n<\/div><\/div><div style=\"clear: both\"><\/div><div class=\"d-flex justify-content-center\"><button data-item=\"decouvrez_link\" data-group=\"website_links\" class=\"goto fw-bold rounded-pill btn btn-orange\" aria-label=\"Application MoroSpin : t\u00e9l\u00e9charger\" >Application MoroSpin : t\u00e9l\u00e9charger<\/button><\/div><div class=\"scrollable-content-wrap my-5\"><div class=\"scrollable-content-inner\"><h2>MoroSpin APK pour Android<\/h2>\n<p>Si vous \u00eates fan des casinos en ligne et que vous souhaitez essayer MoroSpin sur votre Android, ces informations peuvent vraiment vous aider. M\u00eame si vous ne nous trouvez pas sur Google Play, l\u2019installation est un jeu d\u2019enfant si vous suivez ce guide d\u00e9taill\u00e9. Nous vous expliquerons tout, du t\u00e9l\u00e9chargement aux astuces pour que tout fonctionne comme sur des roulettes.<\/p>\n<p>\u00c9tapes cl\u00e9s pour installer l\u2019APK:<\/p>\n<ol>\n<li>T\u00e9l\u00e9chargement sans probl\u00e8me : sur notre page MoroSpin, descendez vers le bas (attention aux imitations). Recherchez le bouton de t\u00e9l\u00e9chargement pour Android et appuyez dessus.<\/li>\n<li>Autorisez les installations externes : Android bloque les applications hors Play Store pour des raisons de s\u00e9curit\u00e9. Pour contourner cette restriction :\n<ul>\n<li>Allez dans Param\u00e8tres &gt; S\u00e9curit\u00e9 &gt; Installation d\u2019applications inconnues.<\/li>\n<li>Choisissez votre navigateur (Chrome, Firefox, etc.) et activez l\u2019autorisation. Juste cette fois, ne vous inqui\u00e9tez pas.<\/li>\n<\/ul>\n<\/li>\n<li>Installez-le comme un pro : une fois le t\u00e9l\u00e9chargement termin\u00e9, ouvrez le fichier APK et cliquez sur \u00ab Installer \u00bb. Si votre mobile vous avertit, confirmez quand m\u00eame. En moins d\u2019une minute, l\u2019ic\u00f4ne MoroSpin appara\u00eetra sur votre \u00e9cran.<\/li>\n<\/ol>\n<p>Si vous rencontrez des probl\u00e8mes lors du t\u00e9l\u00e9chargement, assurez-vous que votre connexion Internet fonctionne correctement. Essayez d\u2019utiliser le Wi-Fi ou red\u00e9marrez votre connexion si quelque chose ne fonctionne pas.<\/p>\n<p><img loading=\"lazy\" decoding=\"async\" src=\"https:\/\/morospincasino.com\/wp-content\/uploads\/2026\/02\/Morospin-Android-App.webp\" alt=\"Morospin Android App\" width=\"1248\" height=\"536\" \/><\/p>\n<\/div><\/div><div style=\"clear: both\"><\/div><div class=\"d-flex justify-content-center\"><button data-item=\"decouvrez_link\" data-group=\"website_links\" class=\"goto fw-bold rounded-pill btn btn-orange\" aria-label=\"Application MoroSpin : t\u00e9l\u00e9charger l&#039;APK\" >Application MoroSpin : t\u00e9l\u00e9charger l&#039;APK<\/button><\/div><div class=\"scrollable-content-wrap my-5\"><div class=\"scrollable-content-inner\"><h2>Foire aux questions<\/h2>\n<h3>Puis-je acc\u00e9der au service client via l\u2019application MoroSpin Casino ?<\/h3>\n<p>Oui, notre assistance est disponible depuis l\u2019application. Vous pouvez acc\u00e9der \u00e0 l\u2019assistance \u00e0 tout moment, peu importe l\u2019heure ou l\u2019endroit o\u00f9 vous vous trouvez. Elle est disponible 24 heures sur 24, 7 jours sur 7.<\/p>\n<h3>Existe-t-il une application MoroSpin Casino pour Windows et macOS ?<\/h3>\n<p>Aucune application n\u2019est n\u00e9cessaire. MoroSpin mobile offre la possibilit\u00e9 de jouer depuis le navigateur ou en t\u00e9l\u00e9chargeant l\u2019application de bureau.<\/p>\n<h3>Puis-je jouer \u00e0 des jeux avec des croupiers en direct sur l\u2019application MoroSpin Casino ?<\/h3>\n<p>En utilisant l\u2019application, votre exp\u00e9rience de jeu ne changera en rien. Vous pourrez profiter de tout et bien plus encore.<\/p>\n<h3>Comment puis-je retirer mes gains \u00e0 l\u2019aide de l\u2019application ?<\/h3>\n<p>Retirer vos gains est extr\u00eamement simple. Il vous suffit d\u2019acc\u00e9der \u00e0 l\u2019option \u00ab Paiements \u00bb dans l\u2019application, de choisir le mode de paiement souhait\u00e9 et de retirer le montant dont vous avez besoin. N\u2019oubliez pas que les limites de retrait peuvent \u00eatre restreintes.<\/p>\n<h3>Tous les jeux de casino sont-ils disponibles sur l\u2019application mobile ?<\/h3>\n<p>Oui, vous pouvez jouer \u00e0 tous les jeux disponibles dans la version web. De plus, votre exp\u00e9rience de jeu pourrait \u00eatre encore plus fluide dans l\u2019application.<\/p>\n<\/div><\/div><\/p>\n","protected":false},"excerpt":{"rendered":"<p>Application MoroSpin MoroSpin App est id\u00e9ale pour ceux qui aiment les jeux de hasard, \u00e0 tout moment et en tout lieu. Elle est con\u00e7ue pour vous permettre de vous amuser au maximum en jouant, et fonctionne \u00e0 merveille sur les t\u00e9l\u00e9phones portables et les tablettes pour une exp\u00e9rience de jeu stable et rapide. Cr\u00e9\u00e9e par [&hellip;]<\/p>\n","protected":false},"author":1,"featured_media":0,"parent":0,"menu_order":0,"comment_status":"closed","ping_status":"closed","template":"template-builder.php","meta":{"_acf_changed":false,"inline_featured_image":false,"footnotes":""},"class_list":["post-1530","page","type-page","status-publish","hentry"],"acf":[],"yoast_head":"<!-- This site is optimized with the Yoast SEO plugin v27.3 - https:\/\/yoast.com\/product\/yoast-seo-wordpress\/ -->\n<title>MoroSpin App | T\u00e9l\u00e9chargez l\u2019application MoroSpin<\/title>\n<meta name=\"description\" content=\"Profitez de vos jeux pr\u00e9f\u00e9r\u00e9s \u00e0 tout moment, o\u00f9 que vous soyez ! T\u00e9l\u00e9chargez l\u2019APK de l\u2019application Moro Spin Casino pour Android, ou installez la version iOS, et acc\u00e9dez-y en toute simplicit\u00e9.\" \/>\n<meta name=\"robots\" content=\"index, follow, max-snippet:-1, max-image-preview:large, max-video-preview:-1\" \/>\n<link rel=\"canonical\" href=\"https:\/\/morospincasino.com\/fr\/app\/\" \/>\n<meta property=\"og:locale\" content=\"fr_FR\" \/>\n<meta property=\"og:type\" content=\"article\" \/>\n<meta property=\"og:title\" content=\"MoroSpin App | T\u00e9l\u00e9chargez l\u2019application MoroSpin\" \/>\n<meta property=\"og:description\" content=\"Profitez de vos jeux pr\u00e9f\u00e9r\u00e9s \u00e0 tout moment, o\u00f9 que vous soyez ! T\u00e9l\u00e9chargez l\u2019APK de l\u2019application Moro Spin Casino pour Android, ou installez la version iOS, et acc\u00e9dez-y en toute simplicit\u00e9.\" \/>\n<meta property=\"og:url\" content=\"https:\/\/morospincasino.com\/fr\/app\/\" \/>\n<meta property=\"og:site_name\" content=\"morospin\" \/>\n<meta property=\"article:modified_time\" content=\"2026-02-17T10:41:26+00:00\" \/>\n<meta name=\"twitter:card\" content=\"summary_large_image\" \/>\n<meta name=\"twitter:label1\" content=\"Dur\u00e9e de lecture estim\u00e9e\" \/>\n\t<meta name=\"twitter:data1\" content=\"2 minutes\" \/>\n<script type=\"application\/ld+json\" class=\"yoast-schema-graph\">{\"@context\":\"https:\\\/\\\/schema.org\",\"@graph\":[{\"@type\":\"WebPage\",\"@id\":\"https:\\\/\\\/morospincasino.com\\\/fr\\\/app\\\/\",\"url\":\"https:\\\/\\\/morospincasino.com\\\/fr\\\/app\\\/\",\"name\":\"MoroSpin App | T\u00e9l\u00e9chargez l\u2019application MoroSpin\",\"isPartOf\":{\"@id\":\"https:\\\/\\\/morospincasino.com\\\/fr\\\/#website\"},\"datePublished\":\"2026-02-17T09:22:15+00:00\",\"dateModified\":\"2026-02-17T10:41:26+00:00\",\"description\":\"Profitez de vos jeux pr\u00e9f\u00e9r\u00e9s \u00e0 tout moment, o\u00f9 que vous soyez ! T\u00e9l\u00e9chargez l\u2019APK de l\u2019application Moro Spin Casino pour Android, ou installez la version iOS, et acc\u00e9dez-y en toute simplicit\u00e9.\",\"breadcrumb\":{\"@id\":\"https:\\\/\\\/morospincasino.com\\\/fr\\\/app\\\/#breadcrumb\"},\"inLanguage\":\"fr-FR\",\"potentialAction\":[{\"@type\":\"ReadAction\",\"target\":[\"https:\\\/\\\/morospincasino.com\\\/fr\\\/app\\\/\"]}]},{\"@type\":\"BreadcrumbList\",\"@id\":\"https:\\\/\\\/morospincasino.com\\\/fr\\\/app\\\/#breadcrumb\",\"itemListElement\":[{\"@type\":\"ListItem\",\"position\":1,\"name\":\"Morospin\",\"item\":\"https:\\\/\\\/morospincasino.com\\\/fr\\\/\"},{\"@type\":\"ListItem\",\"position\":2,\"name\":\"App\"}]},{\"@type\":\"WebSite\",\"@id\":\"https:\\\/\\\/morospincasino.com\\\/fr\\\/#website\",\"url\":\"https:\\\/\\\/morospincasino.com\\\/fr\\\/\",\"name\":\"Morospin\",\"description\":\"\",\"publisher\":{\"@id\":\"https:\\\/\\\/morospincasino.com\\\/fr\\\/#organization\"},\"potentialAction\":[{\"@type\":\"SearchAction\",\"target\":{\"@type\":\"EntryPoint\",\"urlTemplate\":\"https:\\\/\\\/morospincasino.com\\\/fr\\\/?s={search_term_string}\"},\"query-input\":{\"@type\":\"PropertyValueSpecification\",\"valueRequired\":true,\"valueName\":\"search_term_string\"}}],\"inLanguage\":\"fr-FR\"},{\"@type\":\"Organization\",\"@id\":\"https:\\\/\\\/morospincasino.com\\\/fr\\\/#organization\",\"name\":\"Morospin\",\"url\":\"https:\\\/\\\/morospincasino.com\\\/fr\\\/\",\"logo\":{\"@type\":\"ImageObject\",\"inLanguage\":\"fr-FR\",\"@id\":\"https:\\\/\\\/morospincasino.com\\\/fr\\\/#\\\/schema\\\/logo\\\/image\\\/\",\"url\":\"https:\\\/\\\/morospincasino.com\\\/wp-content\\\/uploads\\\/2026\\\/02\\\/logo-main.png\",\"contentUrl\":\"https:\\\/\\\/morospincasino.com\\\/wp-content\\\/uploads\\\/2026\\\/02\\\/logo-main.png\",\"width\":130,\"height\":66,\"caption\":\"Morospin\"},\"image\":{\"@id\":\"https:\\\/\\\/morospincasino.com\\\/fr\\\/#\\\/schema\\\/logo\\\/image\\\/\"}}]}<\/script>\n<!-- \/ Yoast SEO plugin. -->","yoast_head_json":{"title":"MoroSpin App | T\u00e9l\u00e9chargez l\u2019application MoroSpin","description":"Profitez de vos jeux pr\u00e9f\u00e9r\u00e9s \u00e0 tout moment, o\u00f9 que vous soyez ! T\u00e9l\u00e9chargez l\u2019APK de l\u2019application Moro Spin Casino pour Android, ou installez la version iOS, et acc\u00e9dez-y en toute simplicit\u00e9.","robots":{"index":"index","follow":"follow","max-snippet":"max-snippet:-1","max-image-preview":"max-image-preview:large","max-video-preview":"max-video-preview:-1"},"canonical":"https:\/\/morospincasino.com\/fr\/app\/","og_locale":"fr_FR","og_type":"article","og_title":"MoroSpin App | T\u00e9l\u00e9chargez l\u2019application MoroSpin","og_description":"Profitez de vos jeux pr\u00e9f\u00e9r\u00e9s \u00e0 tout moment, o\u00f9 que vous soyez ! T\u00e9l\u00e9chargez l\u2019APK de l\u2019application Moro Spin Casino pour Android, ou installez la version iOS, et acc\u00e9dez-y en toute simplicit\u00e9.","og_url":"https:\/\/morospincasino.com\/fr\/app\/","og_site_name":"morospin","article_modified_time":"2026-02-17T10:41:26+00:00","twitter_card":"summary_large_image","twitter_misc":{"Dur\u00e9e de lecture estim\u00e9e":"2 minutes"},"schema":{"@context":"https:\/\/schema.org","@graph":[{"@type":"WebPage","@id":"https:\/\/morospincasino.com\/fr\/app\/","url":"https:\/\/morospincasino.com\/fr\/app\/","name":"MoroSpin App | T\u00e9l\u00e9chargez l\u2019application MoroSpin","isPartOf":{"@id":"https:\/\/morospincasino.com\/fr\/#website"},"datePublished":"2026-02-17T09:22:15+00:00","dateModified":"2026-02-17T10:41:26+00:00","description":"Profitez de vos jeux pr\u00e9f\u00e9r\u00e9s \u00e0 tout moment, o\u00f9 que vous soyez ! T\u00e9l\u00e9chargez l\u2019APK de l\u2019application Moro Spin Casino pour Android, ou installez la version iOS, et acc\u00e9dez-y en toute simplicit\u00e9.","breadcrumb":{"@id":"https:\/\/morospincasino.com\/fr\/app\/#breadcrumb"},"inLanguage":"fr-FR","potentialAction":[{"@type":"ReadAction","target":["https:\/\/morospincasino.com\/fr\/app\/"]}]},{"@type":"BreadcrumbList","@id":"https:\/\/morospincasino.com\/fr\/app\/#breadcrumb","itemListElement":[{"@type":"ListItem","position":1,"name":"Morospin","item":"https:\/\/morospincasino.com\/fr\/"},{"@type":"ListItem","position":2,"name":"App"}]},{"@type":"WebSite","@id":"https:\/\/morospincasino.com\/fr\/#website","url":"https:\/\/morospincasino.com\/fr\/","name":"Morospin","description":"","publisher":{"@id":"https:\/\/morospincasino.com\/fr\/#organization"},"potentialAction":[{"@type":"SearchAction","target":{"@type":"EntryPoint","urlTemplate":"https:\/\/morospincasino.com\/fr\/?s={search_term_string}"},"query-input":{"@type":"PropertyValueSpecification","valueRequired":true,"valueName":"search_term_string"}}],"inLanguage":"fr-FR"},{"@type":"Organization","@id":"https:\/\/morospincasino.com\/fr\/#organization","name":"Morospin","url":"https:\/\/morospincasino.com\/fr\/","logo":{"@type":"ImageObject","inLanguage":"fr-FR","@id":"https:\/\/morospincasino.com\/fr\/#\/schema\/logo\/image\/","url":"https:\/\/morospincasino.com\/wp-content\/uploads\/2026\/02\/logo-main.png","contentUrl":"https:\/\/morospincasino.com\/wp-content\/uploads\/2026\/02\/logo-main.png","width":130,"height":66,"caption":"Morospin"},"image":{"@id":"https:\/\/morospincasino.com\/fr\/#\/schema\/logo\/image\/"}}]}},"_links":{"self":[{"href":"https:\/\/morospincasino.com\/fr\/wp-json\/wp\/v2\/pages\/1530","targetHints":{"allow":["GET"]}}],"collection":[{"href":"https:\/\/morospincasino.com\/fr\/wp-json\/wp\/v2\/pages"}],"about":[{"href":"https:\/\/morospincasino.com\/fr\/wp-json\/wp\/v2\/types\/page"}],"author":[{"embeddable":true,"href":"https:\/\/morospincasino.com\/fr\/wp-json\/wp\/v2\/users\/1"}],"replies":[{"embeddable":true,"href":"https:\/\/morospincasino.com\/fr\/wp-json\/wp\/v2\/comments?post=1530"}],"version-history":[{"count":2,"href":"https:\/\/morospincasino.com\/fr\/wp-json\/wp\/v2\/pages\/1530\/revisions"}],"predecessor-version":[{"id":1644,"href":"https:\/\/morospincasino.com\/fr\/wp-json\/wp\/v2\/pages\/1530\/revisions\/1644"}],"wp:attachment":[{"href":"https:\/\/morospincasino.com\/fr\/wp-json\/wp\/v2\/media?parent=1530"}],"curies":[{"name":"wp","href":"https:\/\/api.w.org\/{rel}","templated":true}]}}