{"id":1550,"date":"2026-02-17T09:29:55","date_gmt":"2026-02-17T09:29:55","guid":{"rendered":"https:\/\/morospincasino.com\/metodos-de-pago\/"},"modified":"2026-02-17T11:21:22","modified_gmt":"2026-02-17T11:21:22","slug":"zahlungsoptionen","status":"publish","type":"page","link":"https:\/\/morospincasino.com\/de\/zahlungsoptionen\/","title":{"rendered":"Zahlungsoptionen"},"content":{"rendered":"<h1>Morospin Zahlungsoptionen<\/h1>\n<p>Morospin Zahlungsoptionen entsprechen den Standards, die von den besten Online Casinos verwendet werden. \u00dcber verschiedene vertrauensw\u00fcrdige Optionen, einschlie\u00dflich Kredit- und Debitkarten, E-Wallets, Bank\u00fcberweisungen und Kryptow\u00e4hrungen, k\u00f6nnen Spieler Ein- und Auszahlungen vornehmen. Alle Methoden haben das Ziel, Transaktionen einfach und sicher zu machen. W\u00e4hrend Einzahlungen sofort erfolgen, k\u00f6nnen Auszahlungen je nach gew\u00e4hlter Methode etwas l\u00e4nger dauern.<\/p>\n<p>Morospin akzeptiert verschiedene W\u00e4hrungen wie den Euro, sodass Spieler ohne Umrechnungen spielen k\u00f6nnen. Die Zwei-Faktor-Authentifizierung und Verschl\u00fcsselung sorgen f\u00fcr viel Sicherheit.<\/p>\n<p>Nach der ersten Transaktion speichert das Morospin-System die bevorzugten Zahlungsmethoden, um zuk\u00fcnftige Einzahlungen zu erleichtern. Um schnelle und private Zahlungen zu erm\u00f6glichen, k\u00f6nnen Spieler ebenfalls Kryptow\u00e4hrungen wie Bitcoin, Ethereum und Tether nutzen. Sollten Sie eine Frage haben, k\u00f6nnte die Antwort bereits in unserem h\u00e4ufig gestellten Fragenbereich zu finden sein.<\/p>\n<p><div class=\"banner-wrap\" aria-label=\"Banner\"><img src=\"https:\/\/morospincasino.com\/wp-content\/uploads\/2026\/02\/Morospin-general-background-800\u0445342.webp\" class=\"w-100 d-none d-lg-block img-pc main-banner-img\" alt=\"Morospin banner desktop\" fetchpriority=\"high\" decoding=\"async\"><img src=\"https:\/\/morospincasino.com\/wp-content\/uploads\/2026\/02\/Morospin-banner-mobile.webp\" class=\"w-100 d-none d-md-block d-lg-none main-banner-img\" alt=\"Morospin banner mobile\" fetchpriority=\"high\" decoding=\"async\"><img src=\"https:\/\/morospincasino.com\/wp-content\/uploads\/2026\/02\/Morospin-banner-mobile.webp\" class=\"w-100 d-md-none\" alt=\"Morospin banner mobile\" fetchpriority=\"high\" decoding=\"async\"><div class=\"banner-description\">\n<div class=\"banner-title\">Willkommensboni<\/div>\n<p class=\"banner-header-title\">\u20ac1,500<\/p>\n<div class=\"banner-header-AdditionalText\">+ 250 Freispiele<\/div>\n<button data-item=\"homepage_banner_link\" class=\"goto m-button m-gradient-border m-button--primary m-button--large banner-button btn-orange\">\n            <div class=\"m-button-content\">\n                <span>Jetzt anmelden<\/span>\n                <span><\/span>\n            <\/div>\n        <\/button>\n<\/div>\n<div class=\"WelcomePack\">\n<p><img loading=\"lazy\" decoding=\"async\" class=\"alignnone size-full wp-image-1337\" src=\"https:\/\/morospincasino.com\/wp-content\/uploads\/2026\/02\/welcome-crown.png\" alt=\"welcome crown\" width=\"25\" height=\"26\" \/><\/p>\n<div class=\"WelcomePack-Info\">W\u00f6chentlicher Cashback von bis zu 25 %<\/div>\n<p><img loading=\"lazy\" decoding=\"async\" class=\"alignnone size-full wp-image-1337\" src=\"https:\/\/morospincasino.com\/wp-content\/uploads\/2026\/02\/welcome-crown.png\" alt=\"welcome crown\" width=\"25\" height=\"26\" \/><\/p>\n<\/div>\n<\/div><div class=\"scrollable-content-wrap \"><div class=\"scrollable-content-inner\"><h2>Wie zahlt man Geld bei Moro Spin ein?<\/h2>\n<p>Morospin bietet einen kostenlosen Spielmodus, in dem Sie die Spiele testen oder \u00fcben k\u00f6nnen, ohne Ihr Geld zu riskieren, vorausgesetzt, Sie haben ein verifiziertes Konto. Alle registrierten Benutzer mit einem verifizierten Konto k\u00f6nnen diese Funktion nutzen. Sie ist daf\u00fcr gedacht, dass Besucher lernen, wie die Spiele funktionieren, oder neue Spiele ausprobieren k\u00f6nnen, bevor sie um echtes Geld spielen. Im Demo-Modus m\u00fcssen Sie keine Einzahlung t\u00e4tigen, um verschiedene Slots, Tischspiele und Live-Casinospiele auszuprobieren. Wenn Sie jedoch bereit sind, um echtes Geld zu spielen, k\u00f6nnen Sie wie folgt Geld auf Ihr Konto einzahlen:<\/p>\n<ol>\n<li>Klicken Sie oben rechts auf \u201eAnmelden\u201d oder \u201eRegistrieren\u201d. Wenn Sie noch kein Konto haben, k\u00f6nnen Sie ganz einfach eines erstellen, indem Sie Ihren Namen, Ihre E-Mail-Adresse und ein Passwort eingeben.<\/li>\n<li>Navigieren Sie zur Option \u201eEinzahlung\u201c in der oberen rechten Ecke. Sie erscheint als leuchtend gelbe Blase, sodass Sie sie nicht \u00fcbersehen k\u00f6nnen. Klicken Sie darauf, und ein neues Fenster wird ge\u00f6ffnet.<\/li>\n<li>W\u00e4hlen Sie Ihre Zahlungsmethode aus. In diesem Fenster finden Sie alle Einzahlungsmethoden von Moro Spin. Diese Methoden variieren je nach Ihrem Standort.<\/li>\n<li>Geben Sie den Einzahlungsbetrag ein. Nachdem Sie eine Einzahlungsmethode bei Moro Spin ausgew\u00e4hlt haben, geben Sie den Betrag ein, den Sie einzahlen m\u00f6chten. Die Mindesteinzahlung betr\u00e4gt 20 \u20ac; bei Verwendung von Kryptow\u00e4hrung entspricht dies jedoch 10 \u20ac, und der H\u00f6chstbetrag liegt bei 2.000 \u20ac pro Transaktion.<\/li>\n<li>\u00dcberpr\u00fcfen Sie Ihre Angaben und beginnen Sie mit dem Spielen.<\/li>\n<\/ol>\n<p>Nachdem Sie alle erforderlichen Angaben eingegeben und kontrolliert haben, k\u00f6nnen Sie die Zahlung best\u00e4tigen. Ein sicheres System, das Ihre Finanzdaten sch\u00fctzt, wird f\u00fcr die Abwicklung der Transaktion verwendet. Mit Ausnahme von direkten Bank\u00fcberweisungen unterst\u00fctzen alle Zahlungsmethoden Sofortzahlungen. Eine Bank\u00fcberweisung ben\u00f6tigt meist 1 bis 3 Werktage. Alle Transaktionen werden den Allgemeinen Gesch\u00e4ftsbedingungen des Casinos unterworfen. Sollten Sie Fragen haben, kontaktieren Sie bitte den Kundensupport (er ist direkt auf der Website erreichbar).<\/p>\n<h2>W\u00e4hlen Sie eine f\u00fcr Sie geeignete Einzahlungsmethode<\/h2>\n<p>Morospin hat viele M\u00f6glichkeiten, um Geld einzuzahlen, zum Beispiel mit Debitkarten, E-Wallets und Kryptow\u00e4hrungen. Man kann auch Geld per Bank\u00fcberweisung senden, aber das dauert l\u00e4nger als andere Zahlungsmethoden. Die Arten von Zahlungsmethoden bei der Bank k\u00f6nnen je nach Ort variieren. Auch die Art des Geldes bestimmt, wie schnell die Bezahlung erfolgt. Morospin akzeptiert verschiedene W\u00e4hrungen, damit Spieler aus anderen L\u00e4ndern ohne zus\u00e4tzliche Geb\u00fchren oder versteckte Kosten einzahlen k\u00f6nnen. Wir sch\u00fctzen Ihre Einzahlungen immer mit SSL-Verschl\u00fcsselung.<\/p>\n<table>\n<tbody>\n<tr>\n<td>Einzahlungsmethoden<\/td>\n<td>Optionen<\/td>\n<\/tr>\n<tr>\n<td>Bankkarten<\/td>\n<td>Mastercard, Visa<\/td>\n<\/tr>\n<tr>\n<td>E-Wallets<\/td>\n<td>Apple Pay, Samsung Pay, PayPal, MiFinity, Neteller, Skrill<\/td>\n<\/tr>\n<tr>\n<td>Digitale W\u00e4hrungen<\/td>\n<td>Bitcoin, Ethereum, Tether USD, TRON<\/td>\n<\/tr>\n<tr>\n<td>Bank\u00fcberweisungen<\/td>\n<td>iDEAL, Sofort, direkte Bank\u00fcberweisungen<\/td>\n<\/tr>\n<\/tbody>\n<\/table>\n<h2>Moro Spin Auszahlungs- und Auszahlungsoptionen<\/h2>\n<p>Nachdem Sie einige Spiele gespielt haben, haben Sie m\u00f6glicherweise Gewinne erzielt. Sie k\u00f6nnen Ihre Gewinne auf Ihrem Konto behalten und sie zum Weiterspielen verwenden, oder Sie k\u00f6nnen eine Auszahlungsmethode von Moro Spin nutzen und sie ausgeben. Bei Morospin gelten wie bei allen Online Casinos bestimmte Regeln f\u00fcr Transaktionen, z. B. Auszahlungslimits.<\/p>\n<p>Der Mindestauszahlungsbetrag betr\u00e4gt in der Regel 50 \u20ac. Die maximale Auszahlung betr\u00e4gt bis zu 1.000 \u20ac pro Tag und 3.000 \u20ac pro Woche. Dieser Betrag kann von der von Ihnen gew\u00e4hlten Auszahlungsmethode abh\u00e4ngen. Wir empfehlen, dieselbe Auszahlungsmethode wie f\u00fcr die Einzahlung zu verwenden.<\/p>\n<p>Hier ist eine Liste aller bei Morospin verf\u00fcgbaren Sofortzahlungsmethoden, aus denen Sie w\u00e4hlen k\u00f6nnen:<\/p>\n<table>\n<tbody>\n<tr>\n<td>Auszahlungs\u00admethoden<\/td>\n<td>Optionen<\/td>\n<\/tr>\n<tr>\n<td>Debit- und Kreditkarten<\/td>\n<td>Mastercard, Visa<\/td>\n<\/tr>\n<tr>\n<td>Virtuelle Geldb\u00f6rsen<\/td>\n<td>MiFinity, Neteller, Skrill<\/td>\n<\/tr>\n<tr>\n<td>Kryptow\u00e4hrungen<\/td>\n<td>Bitcoin, Ethereum, Tether USD, TRON<\/td>\n<\/tr>\n<tr>\n<td>Bank\u00fcberweisungen<\/td>\n<td>iDEAL, Sofort, direkte Bank\u00fcberweisungen<\/td>\n<\/tr>\n<\/tbody>\n<\/table>\n<p>Morospin bietet ein sicheres und bequemes Auszahlungssystem, das den Standards moderner Online-Casinos entspricht. Als Zahlungsmethode k\u00f6nnen Sie Bankkarten, E-Wallets und Kryptow\u00e4hrungen mit unterschiedlichen Limits und Bearbeitungszeiten verwenden. Morospin garantiert die Sicherheit der Transaktionen, da diese \u00fcberpr\u00fcft werden k\u00f6nnen. Morospin gibt den Spielern die volle Kontrolle \u00fcber ihr Geld, indem es seine Richtlinien offenlegt, nur minimale Einschr\u00e4nkungen f\u00fcr Auszahlungen in Kryptow\u00e4hrungen vorsieht und andere flexible Alternativen anbietet. Jede Transaktion wird sicher und schnell abgewickelt, unabh\u00e4ngig davon, ob Sie traditionelles Banking, digitale Geldb\u00f6rsen oder Kryptow\u00e4hrungszahlungen verwenden. Dadurch ist die Auszahlung Ihrer Gewinne bei Morospin sowohl einfach als auch sicher.<\/p>\n<h2>H\u00e4ufig gestellte Fragen<\/h2>\n<h3>Wie kann ich eine Einzahlung bei Morospin Casino vornehmen?<\/h3>\n<p>Loggen Sie sich in Ihr Morospin Casino-Konto ein und klicken Sie oben rechts auf \u201eEinzahlung\u201c, wenn Sie bereit sind, Geld einzuzahlen. W\u00e4hlen Sie eine der Einzahlungsmethoden von Morospin und tippen Sie den Betrag ein, den Sie einzahlen m\u00f6chten. Nachdem Sie die Zahlungsdetails eingegeben haben, beenden Sie die Transaktion und warten Sie, bis das Geld auf Ihrem Konto erscheint.<\/p>\n<h3>Wie hoch sind die Mindest- und H\u00f6chstbetr\u00e4ge f\u00fcr Einzahlungen?<\/h3>\n<p>Abh\u00e4ngig von Ihrem Standort variieren die Mindest- und H\u00f6chstbetr\u00e4ge f\u00fcr Einzahlungen, aber normalerweise liegt der Mindestbetrag bei 20 \u20ac und bei einer Krypto-Einzahlung sogar nur bei 10 \u20ac. Meistens liegt der H\u00f6chstbetrag bei 2.000 \u20ac. \u00dcberpr\u00fcfen Sie, bevor Sie die Transaktion abschlie\u00dfen, ob Ihre gew\u00e4hlte Einzahlungsmethode Zahlungslimits hat; andernfalls k\u00f6nnte Ihre Einzahlung abgelehnt werden.<\/p>\n<h3>Fallen Geb\u00fchren f\u00fcr Ein- und Auszahlungen an?<\/h3>\n<p>Morospin verlangt keine Geb\u00fchren f\u00fcr Einzahlungen oder Auszahlungen. Allerdings kann der Zahlungsanbieter, den Sie nutzen, eigene Geb\u00fchren f\u00fcr Transaktionen erheben. Ber\u00fccksichtigen Sie daher alle verf\u00fcgbaren Zahlungsmethoden und deren Kosten, bevor Sie Zahlungen vornehmen. Bitte machen Sie sich die Allgemeinen Gesch\u00e4ftsbedingungen zu eigen, bevor Sie eine Ein- oder Auszahlung t\u00e4tigen. Alle erforderlichen Informationen finden Sie dort.<\/p>\n<h3>Wie lange dauert die Bearbeitung von Auszahlungen?<\/h3>\n<p>Wie schnell Sie Ihr Geld von Morospin erhalten, h\u00e4ngt davon ab, welche Auszahlungsmethode Sie w\u00e4hlen. Digitale Geldb\u00f6rsen und digitale W\u00e4hrungen erm\u00f6glichen oft die schnellste Auszahlung, die sofort oder innerhalb weniger Stunden erfolgen kann. Im Gegensatz dazu k\u00f6nnen Bank\u00fcberweisungen und Kartenauszahlungen 24 bis 72 Gesch\u00e4ftsstunden dauern.<\/p>\n<h3>Wie kann ich meine Gewinne bei Morospin Casino auszahlen lassen?<\/h3>\n<p>Um Ihre Moro Spin-Auszahlung zu bekommen, loggen Sie sich in Ihr Konto ein und klicken Sie auf das \u201eEinzahlung\u201c-Symbol in der oberen rechten Ecke. Ein neues Fenster \u00f6ffnet sich, in dem Sie Ein- und Auszahlungen vornehmen k\u00f6nnen. W\u00e4hlen Sie Ihre bevorzugte Auszahlungsmethode, indem Sie auf \u201eAuszahlung\u201c klicken.<\/p>\n<p>Das erste Mal, wenn Sie Geld abheben, ist der KYC-Verifizierungsprozess erforderlich. Es kann sein, dass Sie zur Verifizierung auch einen offiziellen Ausweis, einen Adressnachweis und einen Nachweis \u00fcber die Zahlungsmethode einreichen m\u00fcssen. Nachdem Sie alle n\u00f6tigen Angaben gemacht haben, tippen Sie den Betrag, den Sie abheben m\u00f6chten, ein, best\u00e4tigen Sie die Transaktion und warten Sie, bis sie ausgef\u00fchrt wurde.<\/p>\n<h3>Kann ich eine Auszahlungsanforderung bei Morospin Casino stornieren?<\/h3>\n<p>Ja, im Morospin Casino ist es m\u00f6glich, eine Auszahlungsanfrage zu stoppen, solange sie noch nicht verarbeitet wurde. Gehen Sie zu \u201eAuszahlung\u201c oder \u201eTransaktionsverlauf\u201c auf Ihrem Konto und suchen Sie nach der offenen Auszahlungsanforderung. Wenn Sie die M\u00f6glichkeit zur Stornierung finden, klicken Sie darauf, um Ihr Geld sofort auf Ihr Casino-Konto zur\u00fcckzuerhalten.<\/p>\n<\/div><\/div><\/p>\n","protected":false},"excerpt":{"rendered":"<p>Morospin Zahlungsoptionen Morospin Zahlungsoptionen entsprechen den Standards, die von den besten Online Casinos verwendet werden. \u00dcber verschiedene vertrauensw\u00fcrdige Optionen, einschlie\u00dflich Kredit- und Debitkarten, E-Wallets, Bank\u00fcberweisungen und Kryptow\u00e4hrungen, k\u00f6nnen Spieler Ein- und Auszahlungen vornehmen. Alle Methoden haben das Ziel, Transaktionen einfach und sicher zu machen. W\u00e4hrend Einzahlungen sofort erfolgen, k\u00f6nnen Auszahlungen je nach gew\u00e4hlter Methode etwas [&hellip;]<\/p>\n","protected":false},"author":1,"featured_media":0,"parent":0,"menu_order":0,"comment_status":"closed","ping_status":"closed","template":"template-builder.php","meta":{"_acf_changed":false,"inline_featured_image":false,"footnotes":""},"class_list":["post-1550","page","type-page","status-publish","hentry"],"acf":[],"yoast_head":"<!-- This site is optimized with the Yoast SEO plugin v27.3 - https:\/\/yoast.com\/product\/yoast-seo-wordpress\/ -->\n<title>Morospin Zahlungsmethoden | Skrill, Visa, Mastercard, Kryptow\u00e4hrungen<\/title>\n<meta name=\"description\" content=\"Sichere und schnelle Zahlungsmethoden bei Moro Spin, darunter Bankkarten, Kryptow\u00e4hrungen und digitale Geldb\u00f6rsen | Profitieren Sie noch heute von schnellen Ein- und Auszahlungen!\" \/>\n<meta name=\"robots\" content=\"index, follow, max-snippet:-1, max-image-preview:large, max-video-preview:-1\" \/>\n<link rel=\"canonical\" href=\"https:\/\/morospincasino.com\/de\/zahlungsoptionen\/\" \/>\n<meta property=\"og:locale\" content=\"de_DE\" \/>\n<meta property=\"og:type\" content=\"article\" \/>\n<meta property=\"og:title\" content=\"Morospin Zahlungsmethoden | Skrill, Visa, Mastercard, Kryptow\u00e4hrungen\" \/>\n<meta property=\"og:description\" content=\"Sichere und schnelle Zahlungsmethoden bei Moro Spin, darunter Bankkarten, Kryptow\u00e4hrungen und digitale Geldb\u00f6rsen | Profitieren Sie noch heute von schnellen Ein- und Auszahlungen!\" \/>\n<meta property=\"og:url\" content=\"https:\/\/morospincasino.com\/de\/zahlungsoptionen\/\" \/>\n<meta property=\"og:site_name\" content=\"morospin\" \/>\n<meta property=\"article:modified_time\" content=\"2026-02-17T11:21:22+00:00\" \/>\n<meta name=\"twitter:card\" content=\"summary_large_image\" \/>\n<meta name=\"twitter:label1\" content=\"Gesch\u00e4tzte Lesezeit\" \/>\n\t<meta name=\"twitter:data1\" content=\"1\u00a0Minute\" \/>\n<script type=\"application\/ld+json\" class=\"yoast-schema-graph\">{\"@context\":\"https:\\\/\\\/schema.org\",\"@graph\":[{\"@type\":\"WebPage\",\"@id\":\"https:\\\/\\\/morospincasino.com\\\/de\\\/zahlungsoptionen\\\/\",\"url\":\"https:\\\/\\\/morospincasino.com\\\/de\\\/zahlungsoptionen\\\/\",\"name\":\"Morospin Zahlungsmethoden | Skrill, Visa, Mastercard, Kryptow\u00e4hrungen\",\"isPartOf\":{\"@id\":\"https:\\\/\\\/morospincasino.com\\\/de\\\/#website\"},\"datePublished\":\"2026-02-17T09:29:55+00:00\",\"dateModified\":\"2026-02-17T11:21:22+00:00\",\"description\":\"Sichere und schnelle Zahlungsmethoden bei Moro Spin, darunter Bankkarten, Kryptow\u00e4hrungen und digitale Geldb\u00f6rsen | Profitieren Sie noch heute von schnellen Ein- und Auszahlungen!\",\"breadcrumb\":{\"@id\":\"https:\\\/\\\/morospincasino.com\\\/de\\\/zahlungsoptionen\\\/#breadcrumb\"},\"inLanguage\":\"de\",\"potentialAction\":[{\"@type\":\"ReadAction\",\"target\":[\"https:\\\/\\\/morospincasino.com\\\/de\\\/zahlungsoptionen\\\/\"]}]},{\"@type\":\"BreadcrumbList\",\"@id\":\"https:\\\/\\\/morospincasino.com\\\/de\\\/zahlungsoptionen\\\/#breadcrumb\",\"itemListElement\":[{\"@type\":\"ListItem\",\"position\":1,\"name\":\"Morospin\",\"item\":\"https:\\\/\\\/morospincasino.com\\\/de\\\/\"},{\"@type\":\"ListItem\",\"position\":2,\"name\":\"Zahlungsoptionen\"}]},{\"@type\":\"WebSite\",\"@id\":\"https:\\\/\\\/morospincasino.com\\\/de\\\/#website\",\"url\":\"https:\\\/\\\/morospincasino.com\\\/de\\\/\",\"name\":\"Morospin\",\"description\":\"\",\"publisher\":{\"@id\":\"https:\\\/\\\/morospincasino.com\\\/de\\\/#organization\"},\"potentialAction\":[{\"@type\":\"SearchAction\",\"target\":{\"@type\":\"EntryPoint\",\"urlTemplate\":\"https:\\\/\\\/morospincasino.com\\\/de\\\/?s={search_term_string}\"},\"query-input\":{\"@type\":\"PropertyValueSpecification\",\"valueRequired\":true,\"valueName\":\"search_term_string\"}}],\"inLanguage\":\"de\"},{\"@type\":\"Organization\",\"@id\":\"https:\\\/\\\/morospincasino.com\\\/de\\\/#organization\",\"name\":\"Morospin\",\"url\":\"https:\\\/\\\/morospincasino.com\\\/de\\\/\",\"logo\":{\"@type\":\"ImageObject\",\"inLanguage\":\"de\",\"@id\":\"https:\\\/\\\/morospincasino.com\\\/de\\\/#\\\/schema\\\/logo\\\/image\\\/\",\"url\":\"https:\\\/\\\/morospincasino.com\\\/wp-content\\\/uploads\\\/2026\\\/02\\\/logo-main.png\",\"contentUrl\":\"https:\\\/\\\/morospincasino.com\\\/wp-content\\\/uploads\\\/2026\\\/02\\\/logo-main.png\",\"width\":130,\"height\":66,\"caption\":\"Morospin\"},\"image\":{\"@id\":\"https:\\\/\\\/morospincasino.com\\\/de\\\/#\\\/schema\\\/logo\\\/image\\\/\"}}]}<\/script>\n<!-- \/ Yoast SEO plugin. -->","yoast_head_json":{"title":"Morospin Zahlungsmethoden | Skrill, Visa, Mastercard, Kryptow\u00e4hrungen","description":"Sichere und schnelle Zahlungsmethoden bei Moro Spin, darunter Bankkarten, Kryptow\u00e4hrungen und digitale Geldb\u00f6rsen | Profitieren Sie noch heute von schnellen Ein- und Auszahlungen!","robots":{"index":"index","follow":"follow","max-snippet":"max-snippet:-1","max-image-preview":"max-image-preview:large","max-video-preview":"max-video-preview:-1"},"canonical":"https:\/\/morospincasino.com\/de\/zahlungsoptionen\/","og_locale":"de_DE","og_type":"article","og_title":"Morospin Zahlungsmethoden | Skrill, Visa, Mastercard, Kryptow\u00e4hrungen","og_description":"Sichere und schnelle Zahlungsmethoden bei Moro Spin, darunter Bankkarten, Kryptow\u00e4hrungen und digitale Geldb\u00f6rsen | Profitieren Sie noch heute von schnellen Ein- und Auszahlungen!","og_url":"https:\/\/morospincasino.com\/de\/zahlungsoptionen\/","og_site_name":"morospin","article_modified_time":"2026-02-17T11:21:22+00:00","twitter_card":"summary_large_image","twitter_misc":{"Gesch\u00e4tzte Lesezeit":"1\u00a0Minute"},"schema":{"@context":"https:\/\/schema.org","@graph":[{"@type":"WebPage","@id":"https:\/\/morospincasino.com\/de\/zahlungsoptionen\/","url":"https:\/\/morospincasino.com\/de\/zahlungsoptionen\/","name":"Morospin Zahlungsmethoden | Skrill, Visa, Mastercard, Kryptow\u00e4hrungen","isPartOf":{"@id":"https:\/\/morospincasino.com\/de\/#website"},"datePublished":"2026-02-17T09:29:55+00:00","dateModified":"2026-02-17T11:21:22+00:00","description":"Sichere und schnelle Zahlungsmethoden bei Moro Spin, darunter Bankkarten, Kryptow\u00e4hrungen und digitale Geldb\u00f6rsen | Profitieren Sie noch heute von schnellen Ein- und Auszahlungen!","breadcrumb":{"@id":"https:\/\/morospincasino.com\/de\/zahlungsoptionen\/#breadcrumb"},"inLanguage":"de","potentialAction":[{"@type":"ReadAction","target":["https:\/\/morospincasino.com\/de\/zahlungsoptionen\/"]}]},{"@type":"BreadcrumbList","@id":"https:\/\/morospincasino.com\/de\/zahlungsoptionen\/#breadcrumb","itemListElement":[{"@type":"ListItem","position":1,"name":"Morospin","item":"https:\/\/morospincasino.com\/de\/"},{"@type":"ListItem","position":2,"name":"Zahlungsoptionen"}]},{"@type":"WebSite","@id":"https:\/\/morospincasino.com\/de\/#website","url":"https:\/\/morospincasino.com\/de\/","name":"Morospin","description":"","publisher":{"@id":"https:\/\/morospincasino.com\/de\/#organization"},"potentialAction":[{"@type":"SearchAction","target":{"@type":"EntryPoint","urlTemplate":"https:\/\/morospincasino.com\/de\/?s={search_term_string}"},"query-input":{"@type":"PropertyValueSpecification","valueRequired":true,"valueName":"search_term_string"}}],"inLanguage":"de"},{"@type":"Organization","@id":"https:\/\/morospincasino.com\/de\/#organization","name":"Morospin","url":"https:\/\/morospincasino.com\/de\/","logo":{"@type":"ImageObject","inLanguage":"de","@id":"https:\/\/morospincasino.com\/de\/#\/schema\/logo\/image\/","url":"https:\/\/morospincasino.com\/wp-content\/uploads\/2026\/02\/logo-main.png","contentUrl":"https:\/\/morospincasino.com\/wp-content\/uploads\/2026\/02\/logo-main.png","width":130,"height":66,"caption":"Morospin"},"image":{"@id":"https:\/\/morospincasino.com\/de\/#\/schema\/logo\/image\/"}}]}},"_links":{"self":[{"href":"https:\/\/morospincasino.com\/de\/wp-json\/wp\/v2\/pages\/1550","targetHints":{"allow":["GET"]}}],"collection":[{"href":"https:\/\/morospincasino.com\/de\/wp-json\/wp\/v2\/pages"}],"about":[{"href":"https:\/\/morospincasino.com\/de\/wp-json\/wp\/v2\/types\/page"}],"author":[{"embeddable":true,"href":"https:\/\/morospincasino.com\/de\/wp-json\/wp\/v2\/users\/1"}],"replies":[{"embeddable":true,"href":"https:\/\/morospincasino.com\/de\/wp-json\/wp\/v2\/comments?post=1550"}],"version-history":[{"count":2,"href":"https:\/\/morospincasino.com\/de\/wp-json\/wp\/v2\/pages\/1550\/revisions"}],"predecessor-version":[{"id":1664,"href":"https:\/\/morospincasino.com\/de\/wp-json\/wp\/v2\/pages\/1550\/revisions\/1664"}],"wp:attachment":[{"href":"https:\/\/morospincasino.com\/de\/wp-json\/wp\/v2\/media?parent=1550"}],"curies":[{"name":"wp","href":"https:\/\/api.w.org\/{rel}","templated":true}]}}